{"id":13199,"date":"2013-09-27T09:55:22","date_gmt":"2013-09-27T07:55:22","guid":{"rendered":"https:\/\/www.cavilam.com\/en\/mentions-legales\/"},"modified":"2023-08-01T09:10:15","modified_gmt":"2023-08-01T07:10:15","slug":"mentions-legales","status":"publish","type":"page","link":"https:\/\/www.cavilam.com\/en\/mentions-legales\/","title":{"rendered":"Legal notice"},"content":{"rendered":"<h2>CAVILAM \u2013 Alliance fran\u00e7aise \/ Language school \/ Private academic institution for higher education<\/h2>\n<p>A non-profit making association governed by the law of July 1901 and the decree of 16 August 1901, affiliated to the Alliance fran\u00e7aise by convention with the Alliance fran\u00e7aise Foundation.<\/p>\n<h3>Head Office and legal information<\/h3>\n<p>1, Avenue des C\u00e9lestins \u2013 CS 72678 \u2013 03206 Vichy<br \/>\nT\u00e9l : 33 (0)4 70 30 83 83 \u2013 Fax : 33 (0)4 70 30 83 84<br \/>\nEmail : <a href=\"mailto:info@cavilam.com\">info@cavilam.com<\/a> \u2013 Web : <a href=\"https:\/\/www.cavilam.com\">https:\/\/www.cavilam.com<\/a> \u2013 Contact : <a href=\"mailto:info@cavilam.com\">info@cavilam.com<\/a><\/p>\n<p>VAT number: FR 83779066323 \u2013 SIC Code: 8559B \u2013 Company Registration Number 77906632300030<\/p>\n<h3>Intellectual property rights<\/h3>\n<p>All contents present on this site are covered by copyright. For private use only. Any copying must be agreed to by the author according to the article L. 122-4 of the Code of Intellectual property rights.<\/p>\n<p>The presentation and contents of this present information are protected and governed in accordance the intellectual property laws in force in France.<\/p>\n<p>No part of this site maybe reproduced in whole or in part without receiving written permission from the director of CAVILAM ;<\/p>\n<p>However material contained on this site may be downloaded, viewed and printed for personal use, provived that no trademark, copyright or other propriertary notices contained in or appearing on such material are removed in whole or in part. You must not reproduce pages or download information present on the site, or use the CAVILAM \u2013 Alliance fran\u00e7aise website for commercial use.<\/p>\n<h3>Personal DATA<\/h3>\n<p>In accordance with the the law of January 6, 1978 addressing digital data, files and personal information, data-gathering, recording and saving information is carried out on this website within the framework of the declaration of automatic information processing undertaken with CNIL (Information Commissioner\u2019s Office). The right of access and of rectifcation specified in article 34 of the above-mentionned law required and email to be sent to the webmaster <a href=\"mailto:info@cavilam.com\">info@cavilam.com\u2028 <\/a>.<\/p>\n<h3>CNIL declaration N\u00b01422240<\/h3>\n<p>Personal data submitted to us allows transmission of additional personal info concerning CAVILAM \u2013 Alliance fran\u00e7aise programmes and training course offers and\/or to enable enrolments for these courses.<br \/>\nThe personal data submitted is for exclusive use by CAVILAM \u2013 Alliance fran\u00e7aise.<br \/>\nWe will us technical and organisations measures to safeguard your personal information. As employees, we forbid any measures which enable identification and which build typical visitor profiles of our website.<\/p>\n<p><b>Director of publication :<\/b><br \/>\nGr\u00e9gory LASNE<\/p>\n<p><b>Updating and host of the website :<\/b><br \/>\nDigiplace. <a href=\"http:\/\/www.digiplace.eu\" target=\"_blank\" rel=\"noopener\">www.digiplace.eu<\/a><\/p>\n","protected":false},"excerpt":{"rendered":"<p>CAVILAM \u2013 Alliance fran\u00e7aise \/ Language school \/ Private academic institution for higher education A non-profit making association governed by the law of July 1901 and the decree of 16 August 1901, affiliated to the Alliance fran\u00e7aise by convention with the Alliance fran\u00e7aise Foundation. Head Office and legal information 1, Avenue des C\u00e9lestins \u2013 CS [&hellip;]<\/p>\n","protected":false},"author":1,"featured_media":0,"parent":0,"menu_order":0,"comment_status":"closed","ping_status":"closed","template":"","meta":{"_acf_changed":false,"footnotes":""},"class_list":["post-13199","page","type-page","status-publish","hentry"],"acf":[],"yoast_head":"<!-- This site is optimized with the Yoast SEO plugin v27.4 - https:\/\/yoast.com\/product\/yoast-seo-wordpress\/ -->\n<title>Legal notice - CAVILAM - Alliance Fran\u00e7aise<\/title>\n<meta name=\"robots\" content=\"index, follow, max-snippet:-1, max-image-preview:large, max-video-preview:-1\" \/>\n<link rel=\"canonical\" href=\"https:\/\/www.cavilam.com\/en\/mentions-legales\/\" \/>\n<meta property=\"og:locale\" content=\"en_US\" \/>\n<meta property=\"og:type\" content=\"article\" \/>\n<meta property=\"og:title\" content=\"Legal notice - CAVILAM - Alliance Fran\u00e7aise\" \/>\n<meta property=\"og:description\" content=\"CAVILAM \u2013 Alliance fran\u00e7aise \/ Language school \/ Private academic institution for higher education A non-profit making association governed by the law of July 1901 and the decree of 16 August 1901, affiliated to the Alliance fran\u00e7aise by convention with the Alliance fran\u00e7aise Foundation. Head Office and legal information 1, Avenue des C\u00e9lestins \u2013 CS [&hellip;]\" \/>\n<meta property=\"og:url\" content=\"https:\/\/www.cavilam.com\/en\/mentions-legales\/\" \/>\n<meta property=\"og:site_name\" content=\"CAVILAM - Alliance Fran\u00e7aise\" \/>\n<meta property=\"article:publisher\" content=\"https:\/\/www.facebook.com\/cavilamofficiel\" \/>\n<meta property=\"article:modified_time\" content=\"2023-08-01T07:10:15+00:00\" \/>\n<meta name=\"twitter:card\" content=\"summary_large_image\" \/>\n<meta name=\"twitter:site\" content=\"@cavilamvichy\" \/>\n<meta name=\"twitter:label1\" content=\"Est. reading time\" \/>\n\t<meta name=\"twitter:data1\" content=\"2 minutes\" \/>\n<script type=\"application\/ld+json\" class=\"yoast-schema-graph\">{\"@context\":\"https:\\\/\\\/schema.org\",\"@graph\":[{\"@type\":\"WebPage\",\"@id\":\"https:\\\/\\\/www.cavilam.com\\\/en\\\/mentions-legales\\\/\",\"url\":\"https:\\\/\\\/www.cavilam.com\\\/en\\\/mentions-legales\\\/\",\"name\":\"Legal notice - CAVILAM - Alliance Fran\u00e7aise\",\"isPartOf\":{\"@id\":\"https:\\\/\\\/www.cavilam.com\\\/en\\\/#website\"},\"datePublished\":\"2013-09-27T07:55:22+00:00\",\"dateModified\":\"2023-08-01T07:10:15+00:00\",\"breadcrumb\":{\"@id\":\"https:\\\/\\\/www.cavilam.com\\\/en\\\/mentions-legales\\\/#breadcrumb\"},\"inLanguage\":\"en-US\",\"potentialAction\":[{\"@type\":\"ReadAction\",\"target\":[\"https:\\\/\\\/www.cavilam.com\\\/en\\\/mentions-legales\\\/\"]}]},{\"@type\":\"BreadcrumbList\",\"@id\":\"https:\\\/\\\/www.cavilam.com\\\/en\\\/mentions-legales\\\/#breadcrumb\",\"itemListElement\":[{\"@type\":\"ListItem\",\"position\":1,\"name\":\"Accueil\",\"item\":\"https:\\\/\\\/www.cavilam.com\\\/en\\\/\"},{\"@type\":\"ListItem\",\"position\":2,\"name\":\"Legal notice\"}]},{\"@type\":\"WebSite\",\"@id\":\"https:\\\/\\\/www.cavilam.com\\\/en\\\/#website\",\"url\":\"https:\\\/\\\/www.cavilam.com\\\/en\\\/\",\"name\":\"CAVILAM - Alliance Fran\u00e7aise\",\"description\":\"Apprendre le fran\u00e7ais en France\",\"publisher\":{\"@id\":\"https:\\\/\\\/www.cavilam.com\\\/en\\\/#organization\"},\"potentialAction\":[{\"@type\":\"SearchAction\",\"target\":{\"@type\":\"EntryPoint\",\"urlTemplate\":\"https:\\\/\\\/www.cavilam.com\\\/en\\\/?s={search_term_string}\"},\"query-input\":{\"@type\":\"PropertyValueSpecification\",\"valueRequired\":true,\"valueName\":\"search_term_string\"}}],\"inLanguage\":\"en-US\"},{\"@type\":\"Organization\",\"@id\":\"https:\\\/\\\/www.cavilam.com\\\/en\\\/#organization\",\"name\":\"Cavilam Alliance Fran\u00e7aise\",\"url\":\"https:\\\/\\\/www.cavilam.com\\\/en\\\/\",\"logo\":{\"@type\":\"ImageObject\",\"inLanguage\":\"en-US\",\"@id\":\"https:\\\/\\\/www.cavilam.com\\\/en\\\/#\\\/schema\\\/logo\\\/image\\\/\",\"url\":\"https:\\\/\\\/www.cavilam.com\\\/wp-content\\\/uploads\\\/2017\\\/05\\\/logo-site-1.png\",\"contentUrl\":\"https:\\\/\\\/www.cavilam.com\\\/wp-content\\\/uploads\\\/2017\\\/05\\\/logo-site-1.png\",\"width\":130,\"height\":92,\"caption\":\"Cavilam Alliance Fran\u00e7aise\"},\"image\":{\"@id\":\"https:\\\/\\\/www.cavilam.com\\\/en\\\/#\\\/schema\\\/logo\\\/image\\\/\"},\"sameAs\":[\"https:\\\/\\\/www.facebook.com\\\/cavilamofficiel\",\"https:\\\/\\\/x.com\\\/cavilamvichy\",\"https:\\\/\\\/www.youtube.com\\\/user\\\/CAVILAMVICHY\"]}]}<\/script>\n<!-- \/ Yoast SEO plugin. -->","yoast_head_json":{"title":"Legal notice - CAVILAM - Alliance Fran\u00e7aise","robots":{"index":"index","follow":"follow","max-snippet":"max-snippet:-1","max-image-preview":"max-image-preview:large","max-video-preview":"max-video-preview:-1"},"canonical":"https:\/\/www.cavilam.com\/en\/mentions-legales\/","og_locale":"en_US","og_type":"article","og_title":"Legal notice - CAVILAM - Alliance Fran\u00e7aise","og_description":"CAVILAM \u2013 Alliance fran\u00e7aise \/ Language school \/ Private academic institution for higher education A non-profit making association governed by the law of July 1901 and the decree of 16 August 1901, affiliated to the Alliance fran\u00e7aise by convention with the Alliance fran\u00e7aise Foundation. Head Office and legal information 1, Avenue des C\u00e9lestins \u2013 CS [&hellip;]","og_url":"https:\/\/www.cavilam.com\/en\/mentions-legales\/","og_site_name":"CAVILAM - Alliance Fran\u00e7aise","article_publisher":"https:\/\/www.facebook.com\/cavilamofficiel","article_modified_time":"2023-08-01T07:10:15+00:00","twitter_card":"summary_large_image","twitter_site":"@cavilamvichy","twitter_misc":{"Est. reading time":"2 minutes"},"schema":{"@context":"https:\/\/schema.org","@graph":[{"@type":"WebPage","@id":"https:\/\/www.cavilam.com\/en\/mentions-legales\/","url":"https:\/\/www.cavilam.com\/en\/mentions-legales\/","name":"Legal notice - CAVILAM - Alliance Fran\u00e7aise","isPartOf":{"@id":"https:\/\/www.cavilam.com\/en\/#website"},"datePublished":"2013-09-27T07:55:22+00:00","dateModified":"2023-08-01T07:10:15+00:00","breadcrumb":{"@id":"https:\/\/www.cavilam.com\/en\/mentions-legales\/#breadcrumb"},"inLanguage":"en-US","potentialAction":[{"@type":"ReadAction","target":["https:\/\/www.cavilam.com\/en\/mentions-legales\/"]}]},{"@type":"BreadcrumbList","@id":"https:\/\/www.cavilam.com\/en\/mentions-legales\/#breadcrumb","itemListElement":[{"@type":"ListItem","position":1,"name":"Accueil","item":"https:\/\/www.cavilam.com\/en\/"},{"@type":"ListItem","position":2,"name":"Legal notice"}]},{"@type":"WebSite","@id":"https:\/\/www.cavilam.com\/en\/#website","url":"https:\/\/www.cavilam.com\/en\/","name":"CAVILAM - Alliance Fran\u00e7aise","description":"Apprendre le fran\u00e7ais en France","publisher":{"@id":"https:\/\/www.cavilam.com\/en\/#organization"},"potentialAction":[{"@type":"SearchAction","target":{"@type":"EntryPoint","urlTemplate":"https:\/\/www.cavilam.com\/en\/?s={search_term_string}"},"query-input":{"@type":"PropertyValueSpecification","valueRequired":true,"valueName":"search_term_string"}}],"inLanguage":"en-US"},{"@type":"Organization","@id":"https:\/\/www.cavilam.com\/en\/#organization","name":"Cavilam Alliance Fran\u00e7aise","url":"https:\/\/www.cavilam.com\/en\/","logo":{"@type":"ImageObject","inLanguage":"en-US","@id":"https:\/\/www.cavilam.com\/en\/#\/schema\/logo\/image\/","url":"https:\/\/www.cavilam.com\/wp-content\/uploads\/2017\/05\/logo-site-1.png","contentUrl":"https:\/\/www.cavilam.com\/wp-content\/uploads\/2017\/05\/logo-site-1.png","width":130,"height":92,"caption":"Cavilam Alliance Fran\u00e7aise"},"image":{"@id":"https:\/\/www.cavilam.com\/en\/#\/schema\/logo\/image\/"},"sameAs":["https:\/\/www.facebook.com\/cavilamofficiel","https:\/\/x.com\/cavilamvichy","https:\/\/www.youtube.com\/user\/CAVILAMVICHY"]}]}},"_links":{"self":[{"href":"https:\/\/www.cavilam.com\/en\/wp-json\/wp\/v2\/pages\/13199","targetHints":{"allow":["GET"]}}],"collection":[{"href":"https:\/\/www.cavilam.com\/en\/wp-json\/wp\/v2\/pages"}],"about":[{"href":"https:\/\/www.cavilam.com\/en\/wp-json\/wp\/v2\/types\/page"}],"author":[{"embeddable":true,"href":"https:\/\/www.cavilam.com\/en\/wp-json\/wp\/v2\/users\/1"}],"replies":[{"embeddable":true,"href":"https:\/\/www.cavilam.com\/en\/wp-json\/wp\/v2\/comments?post=13199"}],"version-history":[{"count":11,"href":"https:\/\/www.cavilam.com\/en\/wp-json\/wp\/v2\/pages\/13199\/revisions"}],"predecessor-version":[{"id":24134,"href":"https:\/\/www.cavilam.com\/en\/wp-json\/wp\/v2\/pages\/13199\/revisions\/24134"}],"wp:attachment":[{"href":"https:\/\/www.cavilam.com\/en\/wp-json\/wp\/v2\/media?parent=13199"}],"curies":[{"name":"wp","href":"https:\/\/api.w.org\/{rel}","templated":true}]}}