{"id":13524,"date":"2017-01-13T13:01:59","date_gmt":"2017-01-13T11:01:59","guid":{"rendered":"https:\/\/www.cavilam.com\/?page_id=13524\/"},"modified":"2020-06-01T11:39:16","modified_gmt":"2020-06-01T09:39:16","slug":"delf-test","status":"publish","type":"page","link":"https:\/\/www.cavilam.com\/en\/delf-test\/","title":{"rendered":"Delf test"},"content":{"rendered":"<h2 id=\"h2isiv\">Are you looking for assistance in your DELF preparation? CAVILAM caters to your language training needs.<\/h2>\n<p>If you are seeking to take the <strong>DELF test<\/strong> (dipl\u00f4me d&#8217;\u00e9tudes en langue fran\u00e7aise), a CAVILAM French course will provide you with just the linguistic grounding you need. At CAVILAM, we offer <a href=\"https:\/\/www.cavilam.com\/en\/intensive-french-language\/\">intensive French language programs<\/a>, one-on-one or in group classes and workshops. Designed with specific needs in mind, these courses will hone your skills in oral and written communication, grammar and vocabulary: just the preparation you need to excel in the <em>DELF test<\/em>, which comprises four tests assessing listening, speaking, reading and writing skills.<\/p>\n<div id=\"isivbtn\"><a class=\"myButton\" href=\"https:\/\/www.cavilam.com\/learn-french-in-france\/delf-dalf\/delf\">More information about : Delf test<\/a><\/div>\n<p>If you need help with your <em>DELF preparation<\/em>, CAVILAM is your ideal solution. Renowned for its innovative approach to teaching French as a foreign language, CAVILAM offers a year-round program of French language courses that can be specifically created to meet your individual requirements, including <a href=\"https:\/\/www.cavilam.com\/en\/prepare-learners-for-the-delf\/\">preparation courses for the DELF<\/a> examinations. Whether you desire the qualification for personal or professional reasons, CAVILAM offers you the chance to conduct your <strong>DELF preparation<\/strong> close to the beautiful spa town of Vichy, a truly French setting that also offers ideal opportunities to practise your French communicative skills in real situations.<\/p>\n<p>All year round CAVILAM offers <em>DELF test preparation<\/em> according to the examination dates. CAVILAM is also an accredited examination centre for the <a href=\"https:\/\/www.cavilam.com\/en\/delf-exam\/\">DELF and DALF exams<\/a>, as well as TEF and TCF level tests. Staffed by dedicated and experienced teachers who are proficient in the latest teaching methods and materials, the school can offer <strong>DELF test preparation<\/strong> as part of its various (and customizable) French training programs. With almost 4000 students from around the world coming to study at the school every year, CAVILAM teachers are particularly suited to improving skills required for this official diploma.<\/p>\n<h2 class=\"title\"><\/h2>\n<p id=\"lienisiv\">Trouvez nous sur Internet \u00e0 partir des mots : <a href=\"https:\/\/www.cavilam.com\/en\/prepare-learners-for-the-delf\/\">prepare learners for the delf<\/a>, <a href=\"https:\/\/www.cavilam.com\/en\/intensive-french-courses-in-france\/\">intensive french courses in france<\/a>, <a href=\"https:\/\/www.cavilam.com\/en\/total-immersion-courses-in-france\/\">total immersion courses in france<\/a>,<a href=\"https:\/\/www.cavilam.com\/en\/french-language-courses-in-france\/\">french language courses in france<\/a>, <a href=\"https:\/\/www.cavilam.com\/en\/teaching-french-in-france\/\">teaching french in france<\/a>, <a href=\"https:\/\/www.cavilam.com\/en\/french-delf\/\">french delf<\/a>, <a href=\"https:\/\/www.cavilam.com\/en\/intensive-french-language\/\">intensive french language<\/a>.<\/p>\n<p><span style=\"margin-right: 50px; padding-left: 250px;\"><a style=\"text-decoration: none;\" href=\"https:\/\/www.facebook.com\/CAVILAMAllianceFrancaise\/\" target=\"_blank\" rel=\"noopener noreferrer\"> <img decoding=\"async\" class=\"size-full wp-image-16009 alignnone\" src=\"https:\/\/www.cavilam.com\/wp-content\/uploads\/2018\/07\/facebook.png\" alt=\"facebook\" width=\"40\" height=\"40\" \/><\/a><\/span><span style=\"margin-right: 50px;\"><a style=\"text-decoration: none;\" href=\"https:\/\/twitter.com\/cavilamvichy\" target=\"_blank\" rel=\"noopener noreferrer\"><img decoding=\"async\" class=\"alignnone size-full wp-image-16012\" src=\"https:\/\/www.cavilam.com\/wp-content\/uploads\/2018\/07\/twitter.png\" alt=\"\" width=\"40\" height=\"40\" \/><\/a><\/span><span style=\"margin-right: 50px;\"><a style=\"text-decoration: none;\" href=\"https:\/\/www.youtube.com\/user\/CAVILAMVICHY#g\/u\" target=\"_blank\" rel=\"noopener noreferrer\"><img decoding=\"async\" class=\"alignnone size-full wp-image-16015\" src=\"https:\/\/www.cavilam.com\/wp-content\/uploads\/2018\/07\/youtube.png\" alt=\"\" width=\"40\" height=\"40\" \/><\/a> <\/span><\/p>\n","protected":false},"excerpt":{"rendered":"<p>Are you looking for assistance in your DELF preparation? CAVILAM caters to your language training needs. If you are seeking to take the DELF test (dipl\u00f4me d&#8217;\u00e9tudes en langue fran\u00e7aise), a CAVILAM French course will provide you with just the linguistic grounding you need. At CAVILAM, we offer intensive French language programs, one-on-one or in [&hellip;]<\/p>\n","protected":false},"author":3,"featured_media":0,"parent":0,"menu_order":0,"comment_status":"closed","ping_status":"closed","template":"","meta":{"_acf_changed":false,"footnotes":""},"class_list":["post-13524","page","type-page","status-publish","hentry"],"acf":[],"yoast_head":"<!-- This site is optimized with the Yoast SEO plugin v27.1.1 - https:\/\/yoast.com\/product\/yoast-seo-wordpress\/ -->\n<title>Delf test - CAVILAM - Alliance Fran\u00e7aise<\/title>\n<meta name=\"robots\" content=\"index, follow, max-snippet:-1, max-image-preview:large, max-video-preview:-1\" \/>\n<link rel=\"canonical\" href=\"https:\/\/www.cavilam.com\/en\/delf-test\/\" \/>\n<meta property=\"og:locale\" content=\"en_US\" \/>\n<meta property=\"og:type\" content=\"article\" \/>\n<meta property=\"og:title\" content=\"Delf test - CAVILAM - Alliance Fran\u00e7aise\" \/>\n<meta property=\"og:description\" content=\"Are you looking for assistance in your DELF preparation? CAVILAM caters to your language training needs. If you are seeking to take the DELF test (dipl\u00f4me d&#8217;\u00e9tudes en langue fran\u00e7aise), a CAVILAM French course will provide you with just the linguistic grounding you need. At CAVILAM, we offer intensive French language programs, one-on-one or in [&hellip;]\" \/>\n<meta property=\"og:url\" content=\"https:\/\/www.cavilam.com\/en\/delf-test\/\" \/>\n<meta property=\"og:site_name\" content=\"CAVILAM - Alliance Fran\u00e7aise\" \/>\n<meta property=\"article:publisher\" content=\"https:\/\/www.facebook.com\/cavilamofficiel\" \/>\n<meta property=\"article:modified_time\" content=\"2020-06-01T09:39:16+00:00\" \/>\n<meta property=\"og:image\" content=\"https:\/\/www.cavilam.com\/wp-content\/uploads\/2018\/07\/facebook.png\" \/>\n<meta name=\"twitter:card\" content=\"summary_large_image\" \/>\n<meta name=\"twitter:site\" content=\"@cavilamvichy\" \/>\n<meta name=\"twitter:label1\" content=\"Est. reading time\" \/>\n\t<meta name=\"twitter:data1\" content=\"2 minutes\" \/>\n<script type=\"application\/ld+json\" class=\"yoast-schema-graph\">{\"@context\":\"https:\/\/schema.org\",\"@graph\":[{\"@type\":\"WebPage\",\"@id\":\"https:\/\/www.cavilam.com\/en\/delf-test\/\",\"url\":\"https:\/\/www.cavilam.com\/en\/delf-test\/\",\"name\":\"Delf test - CAVILAM - Alliance Fran\u00e7aise\",\"isPartOf\":{\"@id\":\"https:\/\/www.cavilam.com\/en\/#website\"},\"primaryImageOfPage\":{\"@id\":\"https:\/\/www.cavilam.com\/en\/delf-test\/#primaryimage\"},\"image\":{\"@id\":\"https:\/\/www.cavilam.com\/en\/delf-test\/#primaryimage\"},\"thumbnailUrl\":\"https:\/\/www.cavilam.com\/wp-content\/uploads\/2018\/07\/facebook.png\",\"datePublished\":\"2017-01-13T11:01:59+00:00\",\"dateModified\":\"2020-06-01T09:39:16+00:00\",\"breadcrumb\":{\"@id\":\"https:\/\/www.cavilam.com\/en\/delf-test\/#breadcrumb\"},\"inLanguage\":\"en-US\",\"potentialAction\":[{\"@type\":\"ReadAction\",\"target\":[\"https:\/\/www.cavilam.com\/en\/delf-test\/\"]}]},{\"@type\":\"ImageObject\",\"inLanguage\":\"en-US\",\"@id\":\"https:\/\/www.cavilam.com\/en\/delf-test\/#primaryimage\",\"url\":\"https:\/\/www.cavilam.com\/wp-content\/uploads\/2018\/07\/facebook.png\",\"contentUrl\":\"https:\/\/www.cavilam.com\/wp-content\/uploads\/2018\/07\/facebook.png\"},{\"@type\":\"BreadcrumbList\",\"@id\":\"https:\/\/www.cavilam.com\/en\/delf-test\/#breadcrumb\",\"itemListElement\":[{\"@type\":\"ListItem\",\"position\":1,\"name\":\"Accueil\",\"item\":\"https:\/\/www.cavilam.com\/en\/\"},{\"@type\":\"ListItem\",\"position\":2,\"name\":\"Delf test\"}]},{\"@type\":\"WebSite\",\"@id\":\"https:\/\/www.cavilam.com\/en\/#website\",\"url\":\"https:\/\/www.cavilam.com\/en\/\",\"name\":\"CAVILAM - Alliance Fran\u00e7aise\",\"description\":\"Apprendre le fran\u00e7ais en France\",\"publisher\":{\"@id\":\"https:\/\/www.cavilam.com\/en\/#organization\"},\"potentialAction\":[{\"@type\":\"SearchAction\",\"target\":{\"@type\":\"EntryPoint\",\"urlTemplate\":\"https:\/\/www.cavilam.com\/en\/?s={search_term_string}\"},\"query-input\":{\"@type\":\"PropertyValueSpecification\",\"valueRequired\":true,\"valueName\":\"search_term_string\"}}],\"inLanguage\":\"en-US\"},{\"@type\":\"Organization\",\"@id\":\"https:\/\/www.cavilam.com\/en\/#organization\",\"name\":\"Cavilam Alliance Fran\u00e7aise\",\"url\":\"https:\/\/www.cavilam.com\/en\/\",\"logo\":{\"@type\":\"ImageObject\",\"inLanguage\":\"en-US\",\"@id\":\"https:\/\/www.cavilam.com\/en\/#\/schema\/logo\/image\/\",\"url\":\"https:\/\/www.cavilam.com\/wp-content\/uploads\/2017\/05\/logo-site-1.png\",\"contentUrl\":\"https:\/\/www.cavilam.com\/wp-content\/uploads\/2017\/05\/logo-site-1.png\",\"width\":130,\"height\":92,\"caption\":\"Cavilam Alliance Fran\u00e7aise\"},\"image\":{\"@id\":\"https:\/\/www.cavilam.com\/en\/#\/schema\/logo\/image\/\"},\"sameAs\":[\"https:\/\/www.facebook.com\/cavilamofficiel\",\"https:\/\/x.com\/cavilamvichy\",\"https:\/\/www.youtube.com\/user\/CAVILAMVICHY\"]}]}<\/script>\n<!-- \/ Yoast SEO plugin. -->","yoast_head_json":{"title":"Delf test - CAVILAM - Alliance Fran\u00e7aise","robots":{"index":"index","follow":"follow","max-snippet":"max-snippet:-1","max-image-preview":"max-image-preview:large","max-video-preview":"max-video-preview:-1"},"canonical":"https:\/\/www.cavilam.com\/en\/delf-test\/","og_locale":"en_US","og_type":"article","og_title":"Delf test - CAVILAM - Alliance Fran\u00e7aise","og_description":"Are you looking for assistance in your DELF preparation? CAVILAM caters to your language training needs. If you are seeking to take the DELF test (dipl\u00f4me d&#8217;\u00e9tudes en langue fran\u00e7aise), a CAVILAM French course will provide you with just the linguistic grounding you need. At CAVILAM, we offer intensive French language programs, one-on-one or in [&hellip;]","og_url":"https:\/\/www.cavilam.com\/en\/delf-test\/","og_site_name":"CAVILAM - Alliance Fran\u00e7aise","article_publisher":"https:\/\/www.facebook.com\/cavilamofficiel","article_modified_time":"2020-06-01T09:39:16+00:00","og_image":[{"url":"https:\/\/www.cavilam.com\/wp-content\/uploads\/2018\/07\/facebook.png","type":"","width":"","height":""}],"twitter_card":"summary_large_image","twitter_site":"@cavilamvichy","twitter_misc":{"Est. reading time":"2 minutes"},"schema":{"@context":"https:\/\/schema.org","@graph":[{"@type":"WebPage","@id":"https:\/\/www.cavilam.com\/en\/delf-test\/","url":"https:\/\/www.cavilam.com\/en\/delf-test\/","name":"Delf test - CAVILAM - Alliance Fran\u00e7aise","isPartOf":{"@id":"https:\/\/www.cavilam.com\/en\/#website"},"primaryImageOfPage":{"@id":"https:\/\/www.cavilam.com\/en\/delf-test\/#primaryimage"},"image":{"@id":"https:\/\/www.cavilam.com\/en\/delf-test\/#primaryimage"},"thumbnailUrl":"https:\/\/www.cavilam.com\/wp-content\/uploads\/2018\/07\/facebook.png","datePublished":"2017-01-13T11:01:59+00:00","dateModified":"2020-06-01T09:39:16+00:00","breadcrumb":{"@id":"https:\/\/www.cavilam.com\/en\/delf-test\/#breadcrumb"},"inLanguage":"en-US","potentialAction":[{"@type":"ReadAction","target":["https:\/\/www.cavilam.com\/en\/delf-test\/"]}]},{"@type":"ImageObject","inLanguage":"en-US","@id":"https:\/\/www.cavilam.com\/en\/delf-test\/#primaryimage","url":"https:\/\/www.cavilam.com\/wp-content\/uploads\/2018\/07\/facebook.png","contentUrl":"https:\/\/www.cavilam.com\/wp-content\/uploads\/2018\/07\/facebook.png"},{"@type":"BreadcrumbList","@id":"https:\/\/www.cavilam.com\/en\/delf-test\/#breadcrumb","itemListElement":[{"@type":"ListItem","position":1,"name":"Accueil","item":"https:\/\/www.cavilam.com\/en\/"},{"@type":"ListItem","position":2,"name":"Delf test"}]},{"@type":"WebSite","@id":"https:\/\/www.cavilam.com\/en\/#website","url":"https:\/\/www.cavilam.com\/en\/","name":"CAVILAM - Alliance Fran\u00e7aise","description":"Apprendre le fran\u00e7ais en France","publisher":{"@id":"https:\/\/www.cavilam.com\/en\/#organization"},"potentialAction":[{"@type":"SearchAction","target":{"@type":"EntryPoint","urlTemplate":"https:\/\/www.cavilam.com\/en\/?s={search_term_string}"},"query-input":{"@type":"PropertyValueSpecification","valueRequired":true,"valueName":"search_term_string"}}],"inLanguage":"en-US"},{"@type":"Organization","@id":"https:\/\/www.cavilam.com\/en\/#organization","name":"Cavilam Alliance Fran\u00e7aise","url":"https:\/\/www.cavilam.com\/en\/","logo":{"@type":"ImageObject","inLanguage":"en-US","@id":"https:\/\/www.cavilam.com\/en\/#\/schema\/logo\/image\/","url":"https:\/\/www.cavilam.com\/wp-content\/uploads\/2017\/05\/logo-site-1.png","contentUrl":"https:\/\/www.cavilam.com\/wp-content\/uploads\/2017\/05\/logo-site-1.png","width":130,"height":92,"caption":"Cavilam Alliance Fran\u00e7aise"},"image":{"@id":"https:\/\/www.cavilam.com\/en\/#\/schema\/logo\/image\/"},"sameAs":["https:\/\/www.facebook.com\/cavilamofficiel","https:\/\/x.com\/cavilamvichy","https:\/\/www.youtube.com\/user\/CAVILAMVICHY"]}]}},"_links":{"self":[{"href":"https:\/\/www.cavilam.com\/en\/wp-json\/wp\/v2\/pages\/13524","targetHints":{"allow":["GET"]}}],"collection":[{"href":"https:\/\/www.cavilam.com\/en\/wp-json\/wp\/v2\/pages"}],"about":[{"href":"https:\/\/www.cavilam.com\/en\/wp-json\/wp\/v2\/types\/page"}],"author":[{"embeddable":true,"href":"https:\/\/www.cavilam.com\/en\/wp-json\/wp\/v2\/users\/3"}],"replies":[{"embeddable":true,"href":"https:\/\/www.cavilam.com\/en\/wp-json\/wp\/v2\/comments?post=13524"}],"version-history":[{"count":22,"href":"https:\/\/www.cavilam.com\/en\/wp-json\/wp\/v2\/pages\/13524\/revisions"}],"predecessor-version":[{"id":18337,"href":"https:\/\/www.cavilam.com\/en\/wp-json\/wp\/v2\/pages\/13524\/revisions\/18337"}],"wp:attachment":[{"href":"https:\/\/www.cavilam.com\/en\/wp-json\/wp\/v2\/media?parent=13524"}],"curies":[{"name":"wp","href":"https:\/\/api.w.org\/{rel}","templated":true}]}}