{"id":14102,"date":"2017-02-10T10:14:50","date_gmt":"2017-02-10T08:14:50","guid":{"rendered":"https:\/\/www.cavilam.com\/?page_id=14102\/"},"modified":"2023-04-20T16:10:18","modified_gmt":"2023-04-20T14:10:18","slug":"temoignages","status":"publish","type":"page","link":"https:\/\/www.cavilam.com\/en\/temoignages\/","title":{"rendered":"Testimonials"},"content":{"rendered":"<div class=\"full-width-bg white top-border-enabled shadow-enabled\"><div class=\"content-container\"> <div class=\"lead-block\"><h2 class=\"alt\">Our alumni speak out<\/h2><p class=\"muted\">The stories of learners from around the world who lived the adventure of French. <br \/> Our students share their adventure of French with you !<\/p><\/div> <\/p>\n<section class=\"columns center\">\n<article class=\"col col3\">\n<div class=\"video-testimonial\"> <img decoding=\"async\" src=\"https:\/\/www.cavilam.com\/wp-content\/uploads\/2018\/05\/jessica.jpg\" alt=\"Avatar\" class=\"image\" \/><\/p>\n<div class=\"play\"> <i class=\"fa fa-play fa-3x\"><\/i><\/div>\n<p> <a href=\"https:\/\/www.youtube.com\/watch?v=8F2rIV1kzjs\" data-lity><span class=\"play-overlay\"><\/p>\n<div class=\"play-button\"> <i class=\"fa fa-play fa-3x\"><\/i><\/div>\n<p><\/span> <\/a><\/div>\n<div class=\"info-card\">\n<h6>Jessica<\/h6>\n<p>Colombia<\/p>\n<\/div><\/article>\n<article class=\"col col3\">\n<div class=\"video-testimonial\"> <img decoding=\"async\" src=\"https:\/\/www.cavilam.com\/wp-content\/uploads\/2018\/05\/george.jpg\" alt=\"george\" class=\"image\"\/> <\/p>\n<div class=\"play\"> <i class=\"fa fa-play fa-3x\"><\/i> <\/div>\n<p><a href=\"https:\/\/youtu.be\/p4zmSZEyPy8\" data-lity> <span class=\"play-overlay\"> <\/p>\n<div class=\"play-button\"> <i class=\"fa fa-play fa-3x\"><\/i> <\/div>\n<p><\/span><\/a> <\/div>\n<div class=\"info-card\">\n<h6>George<\/h6>\n<p>USA<\/p>\n<\/div><\/article>\n<article class=\"col col3\">\n<div class=\"video-testimonial\"> <img decoding=\"async\" src=\"https:\/\/www.cavilam.com\/wp-content\/uploads\/2018\/05\/ida.jpg\" alt=\"george\" class=\"image\"\/> <\/p>\n<div class=\"play\"> <i class=\"fa fa-play fa-3x\"><\/i> <\/div>\n<p><a href=\"https:\/\/youtu.be\/1I7DqdmLW6g\" data-lity> <span class=\"play-overlay\"> <\/p>\n<div class=\"play-button\"> <i class=\"fa fa-play fa-3x\"><\/i> <\/div>\n<p><\/span><\/a> <\/div>\n<div class=\"info-card\">\n<h6>Ida<\/h6>\n<p>Italy<\/p>\n<\/div><\/article>\n<\/section>\n<section class=\"columns center\">\n<article class=\"col col3\">\n<div class=\"video-testimonial\"> <img decoding=\"async\" src=\"https:\/\/www.cavilam.com\/wp-content\/uploads\/2018\/05\/salim.jpg\" alt=\"Avatar\" class=\"image\"\/> <\/p>\n<div class=\"play\"> <i class=\"fa fa-play fa-3x\"><\/i> <\/div>\n<p><a href=\"https:\/\/youtu.be\/5JUZMucKbHA\" data-lity> <span class=\"play-overlay\"> <\/p>\n<div class=\"play-button\"> <i class=\"fa fa-play fa-3x\"><\/i> <\/div>\n<p><\/span> <\/a> <\/div>\n<div class=\"info-card\">\n<h6>Salim<\/h6>\n<p>Oman<\/p>\n<\/div><\/article>\n<article class=\"col col3\">\n<div class=\"video-testimonial\"> <img decoding=\"async\" src=\"https:\/\/www.cavilam.com\/wp-content\/uploads\/2018\/05\/sara.jpg\" alt=\"george\" class=\"image\"\/> <\/p>\n<div class=\"play\"> <i class=\"fa fa-play fa-3x\"><\/i> <\/div>\n<p><a href=\"https:\/\/youtu.be\/HPWDrPU_U4s\" data-lity> <span class=\"play-overlay\"> <\/p>\n<div class=\"play-button\"> <i class=\"fa fa-play fa-3x\"><\/i> <\/div>\n<p><\/span> <\/a> <\/div>\n<div class=\"info-card\">\n<h6>Sara<\/h6>\n<p>Bahrain<\/p>\n<\/div><\/article>\n<article class=\"col col3\">\n<div class=\"video-testimonial\"> <img decoding=\"async\" src=\"https:\/\/www.cavilam.com\/wp-content\/uploads\/2018\/05\/klaus.jpg\" alt=\"Avatar\" class=\"image\"\/> <\/p>\n<div class=\"play\"> <i class=\"fa fa-play fa-3x\"><\/i> <\/div>\n<p><a href=\"https:\/\/youtu.be\/ttkaADuOPq0\" data-lity> <span class=\"play-overlay\"> <\/p>\n<div class=\"play-button\"> <i class=\"fa fa-play fa-3x\"><\/i> <\/div>\n<p><\/span> <\/a> <\/div>\n<div class=\"info-card\">\n<h6>Klaus<\/h6>\n<p>Germany<\/p>\n<\/div><\/article>\n<\/section>\n<section class=\"columns center\">\n<article class=\"col col3\">\n<div class=\"video-testimonial\"> <img decoding=\"async\" src=\"https:\/\/www.cavilam.com\/wp-content\/uploads\/2018\/05\/buse.jpg\" alt=\"george\" class=\"image\"\/> <\/p>\n<div class=\"play\"> <i class=\"fa fa-play fa-3x\"><\/i> <\/div>\n<p><a href=\"https:\/\/youtu.be\/IcKSt5XdS34\" data-lity> <span class=\"play-overlay\"> <\/p>\n<div class=\"play-button\"> <i class=\"fa fa-play fa-3x\"><\/i> <\/div>\n<p><\/span><\/a> <\/div>\n<div class=\"info-card\">\n<h6>Buse<\/h6>\n<p>Turkey<\/p>\n<\/div><\/article>\n<\/section>\n<\/div><\/div>\n<section class=\"columns\">\n<article class=\"col col2\"> <div class=\"testimonial font-size-1x\"><img decoding=\"async\" src=\"https:\/\/www.cavilam.com\/wp-content\/uploads\/2017\/02\/marcela.jpg\" alt=\"Marcela RODRIGUEZ\"><blockquote><p>Estudiar en Cavilam es una experiencia maravillosa, el sistema educativo est\u00e1 dise\u00f1ado de manera did\u00e1ctica y f\u00e1cil, lo que hace m\u00e1s comprensible el idioma; cuando llegu\u00e9, mi nivel de franc\u00e9s era muy b\u00e1sico y al cabo de unos meses no solo pod\u00eda mantener una conversaci\u00f3n absolutamente coherente, sino que tambi\u00e9n logr\u00e9 pasar el ex\u00e1men TCF, con una calificaci\u00f3n C1.<\/p>\n<\/blockquote><p><span class=\"name\">Marcela RODRIGUEZ<\/span><span class=\"org\"> \/ Colombia<\/span><\/p><\/div><\/article>\n<article class=\"col col2\"><div class=\"testimonial font-size-1x\"><img decoding=\"async\" src=\"https:\/\/www.cavilam.com\/wp-content\/uploads\/2017\/02\/Harsh.jpeg\" alt=\"Harsh KANODIA\"><blockquote><p>L&#8217;immersion totale est une exp\u00e9rience in\u00e9dite qui ma permis d&#8217;int\u00e9grer un laboratoire fran\u00e7ais en France. Cela n&#8217;aurait pas \u00e9t\u00e9 possible sans mon s\u00e9jour au CAVILAM &#8211; Alliance fran\u00e7aise alors : vivez le plaisir d&#8217;apprendre \u00e0 Vichy !<\/p>\n<\/blockquote><p><span class=\"name\">Harsh KANODIA<\/span><span class=\"org\"> \/ India<\/span><\/p><\/div><\/article>\n<\/section>\n<hr class=\"divider-md\" \/> <\/p>\n<section class=\"columns\"><article class=\"col col3\"><div class=\"flexslider flexslider-fade flexslider-fadeshow-direction\" data-delay=\"9000\" data-duration=\"800\" data-auto=\"1\" data-animation=\"\"><h3 class=\"light\">Testimonials<\/h3><div class=\"slider-box\">\n<div class=\"testimonial font-size-1x\"><blockquote><p>\u201cIl y a des choses qui se passent ici que je n&#8217;ai jamais vues ailleurs.Le fran\u00e7ais permet d&#8217;englober toutes ces cultures et de tomber les barri\u00e8res.\u201d<\/p>\n<\/blockquote><img decoding=\"async\" class=\"avatar-bottom\" src=\"https:\/\/www.cavilam.com\/wp-content\/uploads\/2016\/09\/avatar-temoignage1.png\" alt=\"George WASHINGTON\"><p><span class=\"name\">George WASHINGTON<\/span><br><span class=\"org\"> \/ United States of America<\/span><\/p><\/div>\n<div class=\"testimonial font-size-1x\"><img decoding=\"async\" src=\"https:\/\/www.cavilam.com\/wp-content\/uploads\/2016\/09\/avatar-temoignage2.png\" alt=\"Klaus ROESE\"><blockquote><p>\u201cPour moi, le CAVILAM est une grande famille, et moi je fais partie de cette famille !\u201d <\/p>\n<\/blockquote><p><span class=\"name\">Klaus ROESE<\/span><span class=\"org\"> \/ Germany<\/span><\/p><\/div><\/div><\/div><\/article>\n<article class=\"col col3\"><div class=\"flexslider flexslider-fade flexslider-fadeshow-direction\" data-delay=\"9000\" data-duration=\"800\" data-auto=\"1\" data-animation=\"\"><h3 class=\"light\">Testimonials<\/h3><div class=\"slider-box\">\n<div class=\"testimonial font-size-1x\"><blockquote><p>\u201cI just wanted to say that this course was such an incredible experience and has really given me a lot of confidence in my abilities.\u201d<\/p>\n<\/blockquote><img decoding=\"async\" class=\"avatar-bottom\" src=\"https:\/\/www.cavilam.com\/wp-content\/uploads\/2014\/07\/avatar-temoignage5.png\" alt=\"Elizabeth CLAESSEN\"><p><span class=\"name\">Elizabeth CLAESSEN<\/span><br><span class=\"org\"> \/ Australia<\/span><\/p><\/div>\n<div class=\"testimonial font-size-1x\"><blockquote><p>\u201cApprendre le fran\u00e7ais n&#8217;avais jamais fait si facile. J&#8217;adore conna\u00eetre des nouvelles cultures donc le CAVILAM a \u00e9t\u00e9 l&#8217;un de mes plus-values exp\u00e9riences dans ma vie. Je recommande vraiment \u00e9tudier le fran\u00e7ais au CAVILAM. Le CAVILAM repr\u00e9sente pour moi partager cultures et apprendre des autres.\u201d<\/p>\n<\/blockquote><img decoding=\"async\" class=\"avatar-bottom\" src=\"https:\/\/www.cavilam.com\/wp-content\/uploads\/2016\/09\/avatar-temoignage3.png\" alt=\"Gibran Rivera\"><p><span class=\"name\">Gibran Rivera<\/span><br><span class=\"org\"> \/ Mexico<\/span><\/p><\/div>\n<div class=\"testimonial font-size-1x\"><blockquote><p>&#8220;Les stages au Cavilam ont compl\u00e8tement chang\u00e9 mon approche p\u00e9dagogique et ont rendu mes cours plus vivants, plus amusants, plus efficaces, plus constructifs, plus vari\u00e9s, &#8230;Enseigner est devenu un vrai plaisir !&#8221;<\/p>\n<\/blockquote><img decoding=\"async\" class=\"avatar-bottom\" src=\"https:\/\/www.cavilam.com\/wp-content\/uploads\/2017\/02\/Anne.jpeg\" alt=\"Annick VERGAUWEN\"><p><span class=\"name\">Annick VERGAUWEN<\/span><br><span class=\"org\"> \/ Belgium<\/span><\/p><\/div><\/div><\/div><\/article>\n<article class=\"col col3\"><div class=\"flexslider flexslider-fade flexslider-fadeshow-direction\" data-delay=\"9000\" data-duration=\"800\" data-auto=\"1\" data-animation=\"\"><h3 class=\"light\">Testimonials<\/h3><div class=\"slider-box\">\n<div class=\"testimonial font-size-1x\"><blockquote><p>\u201cJe suis avec une famille d\u2019accueil qui est tr\u00e8s gentille avec moi et le meilleur des h\u00e9bergements au CAVILAM &#8211; Alliance fran\u00e7aise c&#8217;est qu&#8217;ils sont tr\u00e8s proches de l&#8217;\u00e9cole. On ne doit pas marcher beaucoup comme dans les tr\u00e8s grandes villes ! \u201d<\/p>\n<\/blockquote><img decoding=\"async\" class=\"avatar-bottom\" src=\"https:\/\/www.cavilam.com\/wp-content\/uploads\/2016\/09\/avatar-temoignage4.png\" alt=\"Sara THAMER\"><p><span class=\"name\">Sara THAMER<\/span><br><span class=\"org\"> \/ Bahrain<\/span><\/p><\/div>\n<div class=\"testimonial font-size-1x\"><blockquote><p>&#8220;J&#8217;ai suivi trois formations diff\u00e9rentes au CAVILAM entre d\u00e9cembre 2011 et juillet 2014. Toutes les trois ont \u00e9t\u00e9 tr\u00e8s enrichissantes et les formateurs sont de v\u00e9ritables professionnels aussi bien du point de vue p\u00e9dagogique que de sp\u00e9cialisation dans la mati\u00e8re[&#8230;] J&#8217;esp\u00e8re pouvoir y retourner bient\u00f4t!&#8221;<\/p>\n<\/blockquote><img decoding=\"async\" class=\"avatar-bottom\" src=\"https:\/\/www.cavilam.com\/wp-content\/uploads\/2017\/02\/maria.jpeg\" alt=\"Maria EST\u00c9VEZ\"><p><span class=\"name\">Maria EST\u00c9VEZ<\/span><br><span class=\"org\"> \/ Spain<\/span><\/p><\/div>\n<\/div><\/div><\/article>\n<\/section>\n","protected":false},"excerpt":{"rendered":"","protected":false},"author":1,"featured_media":0,"parent":0,"menu_order":0,"comment_status":"closed","ping_status":"closed","template":"","meta":{"_acf_changed":false,"footnotes":""},"class_list":["post-14102","page","type-page","status-publish","hentry"],"acf":[],"yoast_head":"<!-- This site is optimized with the Yoast SEO plugin v27.4 - https:\/\/yoast.com\/product\/yoast-seo-wordpress\/ -->\n<title>Testimonials - CAVILAM - Alliance Fran\u00e7aise<\/title>\n<meta name=\"robots\" content=\"index, follow, max-snippet:-1, max-image-preview:large, max-video-preview:-1\" \/>\n<link rel=\"canonical\" href=\"https:\/\/www.cavilam.com\/en\/temoignages\/\" \/>\n<meta property=\"og:locale\" content=\"en_US\" \/>\n<meta property=\"og:type\" content=\"article\" \/>\n<meta property=\"og:title\" content=\"Testimonials - CAVILAM - Alliance Fran\u00e7aise\" \/>\n<meta property=\"og:url\" content=\"https:\/\/www.cavilam.com\/en\/temoignages\/\" \/>\n<meta property=\"og:site_name\" content=\"CAVILAM - Alliance Fran\u00e7aise\" \/>\n<meta property=\"article:publisher\" content=\"https:\/\/www.facebook.com\/cavilamofficiel\" \/>\n<meta property=\"article:modified_time\" content=\"2023-04-20T14:10:18+00:00\" \/>\n<meta property=\"og:image\" content=\"https:\/\/www.cavilam.com\/wp-content\/uploads\/2018\/05\/jessica.jpg\" \/>\n<meta name=\"twitter:card\" content=\"summary_large_image\" \/>\n<meta name=\"twitter:site\" content=\"@cavilamvichy\" \/>\n<meta name=\"twitter:label1\" content=\"Est. reading time\" \/>\n\t<meta name=\"twitter:data1\" content=\"4 minutes\" \/>\n<script type=\"application\/ld+json\" class=\"yoast-schema-graph\">{\"@context\":\"https:\\\/\\\/schema.org\",\"@graph\":[{\"@type\":\"WebPage\",\"@id\":\"https:\\\/\\\/www.cavilam.com\\\/en\\\/temoignages\\\/\",\"url\":\"https:\\\/\\\/www.cavilam.com\\\/en\\\/temoignages\\\/\",\"name\":\"Testimonials - CAVILAM - Alliance Fran\u00e7aise\",\"isPartOf\":{\"@id\":\"https:\\\/\\\/www.cavilam.com\\\/en\\\/#website\"},\"primaryImageOfPage\":{\"@id\":\"https:\\\/\\\/www.cavilam.com\\\/en\\\/temoignages\\\/#primaryimage\"},\"image\":{\"@id\":\"https:\\\/\\\/www.cavilam.com\\\/en\\\/temoignages\\\/#primaryimage\"},\"thumbnailUrl\":\"https:\\\/\\\/www.cavilam.com\\\/wp-content\\\/uploads\\\/2018\\\/05\\\/jessica.jpg\",\"datePublished\":\"2017-02-10T08:14:50+00:00\",\"dateModified\":\"2023-04-20T14:10:18+00:00\",\"breadcrumb\":{\"@id\":\"https:\\\/\\\/www.cavilam.com\\\/en\\\/temoignages\\\/#breadcrumb\"},\"inLanguage\":\"en-US\",\"potentialAction\":[{\"@type\":\"ReadAction\",\"target\":[\"https:\\\/\\\/www.cavilam.com\\\/en\\\/temoignages\\\/\"]}]},{\"@type\":\"ImageObject\",\"inLanguage\":\"en-US\",\"@id\":\"https:\\\/\\\/www.cavilam.com\\\/en\\\/temoignages\\\/#primaryimage\",\"url\":\"https:\\\/\\\/www.cavilam.com\\\/wp-content\\\/uploads\\\/2018\\\/05\\\/jessica.jpg\",\"contentUrl\":\"https:\\\/\\\/www.cavilam.com\\\/wp-content\\\/uploads\\\/2018\\\/05\\\/jessica.jpg\"},{\"@type\":\"BreadcrumbList\",\"@id\":\"https:\\\/\\\/www.cavilam.com\\\/en\\\/temoignages\\\/#breadcrumb\",\"itemListElement\":[{\"@type\":\"ListItem\",\"position\":1,\"name\":\"Accueil\",\"item\":\"https:\\\/\\\/www.cavilam.com\\\/en\\\/\"},{\"@type\":\"ListItem\",\"position\":2,\"name\":\"Testimonials\"}]},{\"@type\":\"WebSite\",\"@id\":\"https:\\\/\\\/www.cavilam.com\\\/en\\\/#website\",\"url\":\"https:\\\/\\\/www.cavilam.com\\\/en\\\/\",\"name\":\"CAVILAM - Alliance Fran\u00e7aise\",\"description\":\"Apprendre le fran\u00e7ais en France\",\"publisher\":{\"@id\":\"https:\\\/\\\/www.cavilam.com\\\/en\\\/#organization\"},\"potentialAction\":[{\"@type\":\"SearchAction\",\"target\":{\"@type\":\"EntryPoint\",\"urlTemplate\":\"https:\\\/\\\/www.cavilam.com\\\/en\\\/?s={search_term_string}\"},\"query-input\":{\"@type\":\"PropertyValueSpecification\",\"valueRequired\":true,\"valueName\":\"search_term_string\"}}],\"inLanguage\":\"en-US\"},{\"@type\":\"Organization\",\"@id\":\"https:\\\/\\\/www.cavilam.com\\\/en\\\/#organization\",\"name\":\"Cavilam Alliance Fran\u00e7aise\",\"url\":\"https:\\\/\\\/www.cavilam.com\\\/en\\\/\",\"logo\":{\"@type\":\"ImageObject\",\"inLanguage\":\"en-US\",\"@id\":\"https:\\\/\\\/www.cavilam.com\\\/en\\\/#\\\/schema\\\/logo\\\/image\\\/\",\"url\":\"https:\\\/\\\/www.cavilam.com\\\/wp-content\\\/uploads\\\/2017\\\/05\\\/logo-site-1.png\",\"contentUrl\":\"https:\\\/\\\/www.cavilam.com\\\/wp-content\\\/uploads\\\/2017\\\/05\\\/logo-site-1.png\",\"width\":130,\"height\":92,\"caption\":\"Cavilam Alliance Fran\u00e7aise\"},\"image\":{\"@id\":\"https:\\\/\\\/www.cavilam.com\\\/en\\\/#\\\/schema\\\/logo\\\/image\\\/\"},\"sameAs\":[\"https:\\\/\\\/www.facebook.com\\\/cavilamofficiel\",\"https:\\\/\\\/x.com\\\/cavilamvichy\",\"https:\\\/\\\/www.youtube.com\\\/user\\\/CAVILAMVICHY\"]}]}<\/script>\n<!-- \/ Yoast SEO plugin. -->","yoast_head_json":{"title":"Testimonials - CAVILAM - Alliance Fran\u00e7aise","robots":{"index":"index","follow":"follow","max-snippet":"max-snippet:-1","max-image-preview":"max-image-preview:large","max-video-preview":"max-video-preview:-1"},"canonical":"https:\/\/www.cavilam.com\/en\/temoignages\/","og_locale":"en_US","og_type":"article","og_title":"Testimonials - CAVILAM - Alliance Fran\u00e7aise","og_url":"https:\/\/www.cavilam.com\/en\/temoignages\/","og_site_name":"CAVILAM - Alliance Fran\u00e7aise","article_publisher":"https:\/\/www.facebook.com\/cavilamofficiel","article_modified_time":"2023-04-20T14:10:18+00:00","og_image":[{"url":"https:\/\/www.cavilam.com\/wp-content\/uploads\/2018\/05\/jessica.jpg","type":"","width":"","height":""}],"twitter_card":"summary_large_image","twitter_site":"@cavilamvichy","twitter_misc":{"Est. reading time":"4 minutes"},"schema":{"@context":"https:\/\/schema.org","@graph":[{"@type":"WebPage","@id":"https:\/\/www.cavilam.com\/en\/temoignages\/","url":"https:\/\/www.cavilam.com\/en\/temoignages\/","name":"Testimonials - CAVILAM - Alliance Fran\u00e7aise","isPartOf":{"@id":"https:\/\/www.cavilam.com\/en\/#website"},"primaryImageOfPage":{"@id":"https:\/\/www.cavilam.com\/en\/temoignages\/#primaryimage"},"image":{"@id":"https:\/\/www.cavilam.com\/en\/temoignages\/#primaryimage"},"thumbnailUrl":"https:\/\/www.cavilam.com\/wp-content\/uploads\/2018\/05\/jessica.jpg","datePublished":"2017-02-10T08:14:50+00:00","dateModified":"2023-04-20T14:10:18+00:00","breadcrumb":{"@id":"https:\/\/www.cavilam.com\/en\/temoignages\/#breadcrumb"},"inLanguage":"en-US","potentialAction":[{"@type":"ReadAction","target":["https:\/\/www.cavilam.com\/en\/temoignages\/"]}]},{"@type":"ImageObject","inLanguage":"en-US","@id":"https:\/\/www.cavilam.com\/en\/temoignages\/#primaryimage","url":"https:\/\/www.cavilam.com\/wp-content\/uploads\/2018\/05\/jessica.jpg","contentUrl":"https:\/\/www.cavilam.com\/wp-content\/uploads\/2018\/05\/jessica.jpg"},{"@type":"BreadcrumbList","@id":"https:\/\/www.cavilam.com\/en\/temoignages\/#breadcrumb","itemListElement":[{"@type":"ListItem","position":1,"name":"Accueil","item":"https:\/\/www.cavilam.com\/en\/"},{"@type":"ListItem","position":2,"name":"Testimonials"}]},{"@type":"WebSite","@id":"https:\/\/www.cavilam.com\/en\/#website","url":"https:\/\/www.cavilam.com\/en\/","name":"CAVILAM - Alliance Fran\u00e7aise","description":"Apprendre le fran\u00e7ais en France","publisher":{"@id":"https:\/\/www.cavilam.com\/en\/#organization"},"potentialAction":[{"@type":"SearchAction","target":{"@type":"EntryPoint","urlTemplate":"https:\/\/www.cavilam.com\/en\/?s={search_term_string}"},"query-input":{"@type":"PropertyValueSpecification","valueRequired":true,"valueName":"search_term_string"}}],"inLanguage":"en-US"},{"@type":"Organization","@id":"https:\/\/www.cavilam.com\/en\/#organization","name":"Cavilam Alliance Fran\u00e7aise","url":"https:\/\/www.cavilam.com\/en\/","logo":{"@type":"ImageObject","inLanguage":"en-US","@id":"https:\/\/www.cavilam.com\/en\/#\/schema\/logo\/image\/","url":"https:\/\/www.cavilam.com\/wp-content\/uploads\/2017\/05\/logo-site-1.png","contentUrl":"https:\/\/www.cavilam.com\/wp-content\/uploads\/2017\/05\/logo-site-1.png","width":130,"height":92,"caption":"Cavilam Alliance Fran\u00e7aise"},"image":{"@id":"https:\/\/www.cavilam.com\/en\/#\/schema\/logo\/image\/"},"sameAs":["https:\/\/www.facebook.com\/cavilamofficiel","https:\/\/x.com\/cavilamvichy","https:\/\/www.youtube.com\/user\/CAVILAMVICHY"]}]}},"_links":{"self":[{"href":"https:\/\/www.cavilam.com\/en\/wp-json\/wp\/v2\/pages\/14102","targetHints":{"allow":["GET"]}}],"collection":[{"href":"https:\/\/www.cavilam.com\/en\/wp-json\/wp\/v2\/pages"}],"about":[{"href":"https:\/\/www.cavilam.com\/en\/wp-json\/wp\/v2\/types\/page"}],"author":[{"embeddable":true,"href":"https:\/\/www.cavilam.com\/en\/wp-json\/wp\/v2\/users\/1"}],"replies":[{"embeddable":true,"href":"https:\/\/www.cavilam.com\/en\/wp-json\/wp\/v2\/comments?post=14102"}],"version-history":[{"count":8,"href":"https:\/\/www.cavilam.com\/en\/wp-json\/wp\/v2\/pages\/14102\/revisions"}],"predecessor-version":[{"id":24082,"href":"https:\/\/www.cavilam.com\/en\/wp-json\/wp\/v2\/pages\/14102\/revisions\/24082"}],"wp:attachment":[{"href":"https:\/\/www.cavilam.com\/en\/wp-json\/wp\/v2\/media?parent=14102"}],"curies":[{"name":"wp","href":"https:\/\/api.w.org\/{rel}","templated":true}]}}