{"id":12727,"date":"2016-12-21T13:32:33","date_gmt":"2016-12-21T11:32:33","guid":{"rendered":"https:\/\/www.cavilam.com\/es\/?page_id=12727"},"modified":"2026-03-16T15:38:28","modified_gmt":"2026-03-16T13:38:28","slug":"faq","status":"publish","type":"page","link":"https:\/\/www.cavilam.com\/es\/faq\/","title":{"rendered":"FAQ"},"content":{"rendered":"<h2>\u00bfTiene alguna pregunta?<\/h2>\n<p>Aqu\u00ed encontrar\u00e1 la respuesta a las preguntas frecuentes (FAQ) . Si tiene otra pregunta, por favor, p\u00f3ngase en contacto con nosotros.<\/p>\n<ul class=\"accordion\">\n\r\n        <li><a href=\"#\">\u00bfExiste une fecha l\u00edmite para inscribirse?<\/a><div>\n<p>No hay fecha l\u00edmite para registrarse, sin embargo, se recomienda registrarse por lo menos 3 semanas antes del inicio de clases.<\/p>\n<\/div><\/li>\n\r\n        <li><a href=\"#\">\u00bfCu\u00e1ndo puedo empezar un curso?<\/a><div>\n<p>Las admisiones a las <a class=\"i-link\" href=\"https:\/\/www.cavilam.com\/es\/programa-intensivo-en-frances\/\">clases de franc\u00e9s<\/a> se llevan a cabo para todos los lunes, excepto para principiantes.<\/p>\n<p>Calendario espec\u00edfico para principiantes:<\/p>\n<p>07\/04\/2026 \u2013 04\/05\/2026 \u2013 01\/06\/2026 \u2013 06\/07\/2026 \u2013 03\/08\/2026- 07\/09\/2026 \u2013 05\/10\/2026 \u2013 02\/11\/2026<\/p>\n<\/div><\/li>\n\r\n        <li><a href=\"#\">\u00bfPor cu\u00e1nto tiempo puedo tomar los cursos?<\/a><div>\n<p>La duraci\u00f3n m\u00ednima de una sesi\u00f3n es de 1 semana.<\/p>\n<p>La duraci\u00f3n de su curso est\u00e1 adaptado a sus objetivos y disponibilidad.<\/p>\n<p>Se necesita un m\u00ednimo de cuatro semanas para ver un progreso real.<br \/>\n<\/div><\/li>\n\r\n        <li><a href=\"#\">\u00bfQu\u00e9 debo llevar en el primer d\u00eda de clases?<\/a><div>\n<p>Simplemente puede traer un cuaderno y un bol\u00edgrafo.<\/p>\n<\/div><\/li>\n\r\n        <li><a href=\"#\">\u00bfCu\u00e1l es la edad m\u00ednima para estudiar en el CAVILAM - Alliance Fran\u00e7aise<\/a><div>\n<p>Debe tener al menos 16 a\u00f1os de edad.<\/p>\n<p>Sin embargo, el programa &#8220;Deportes y de idioma&#8221; est\u00e1 dise\u00f1ado para un p\u00fablico de 12-16 a\u00f1os.<\/p>\n<\/div><\/li>\n\r\n        <li><a href=\"#\">\u00bfSe pueden tomar vacaciones durante la estancia?<\/a><div>\n<p>Si est\u00e1 inscrito en un programa intensivo de franc\u00e9s, puede tomar vacaciones:<\/p>\n<p>&#8211; 1 semana por una estancia de 24 semanas<\/p>\n<p>&#8211; 2 semanas por una estancia de 36 semanas<\/p>\n<\/div><\/li>\n\r\n        <li><a href=\"#\">\u00bfQu\u00e9 sucede en caso de ausencia?<\/a><div>\n<p>Si est\u00e1 ausente, el curso no ser\u00e1 re-atrapado o reembolsado.<\/p>\n<p>En caso de ausencia prolongada, su lugar en la clase no esta garantizado. Una vez de vuelta, sin embargo, se puede reintegrar otra clase de acuerdo a su nivel.<\/p>\n<\/div><\/li>\n\r\n        <li><a href=\"#\">\u00bfQu\u00e9 sucede en caso de cancelaci\u00f3n de cursos?<\/a><div>\n<p>En caso de cancelaci\u00f3n del curso por el estudiante, se mantendr\u00e1n los siguientes honorarios:<\/p>\n<p>\u2022 Cancelaci\u00f3n 1 semana o m\u00e1s antes del inicio del curso: 195 \u20ac<\/p>\n<p>\u2022 Cancelaci\u00f3n menos de 1 semana antes del inicio del curso: 195 \u20ac + costo de una semana de curso<\/p>\n<p>\u2022 Cancelaci\u00f3n despu\u00e9s del inicio del curso, o durante el curso: costos del curso en su totalidad.<\/p>\n<\/div><\/li>\n\r\n        <li><a href=\"#\">\u00bfPodemos cambiar moneda en Vichy?<\/a><div>\n<p>El intercambio de divisas es posible en Vichy, por d\u00f3lares estadounidenses, libras esterlinas, d\u00f3lares canadienses y francos suizos. Para otras monedas, p\u00f3ngase en contacto con una oficina de cambio al llegar a los aeropuertos de Par\u00eds o Lyon.<\/p>\n<p>Hay muchos distribuidores en Vichy y en toda Francia, que aceptan tarjetas bancarias internacionales (Mastercard, Eurocard, American Express, Visa).<\/p>\n<p><span style=\"color: #e41b47;\"><strong>Atenci\u00f3n<\/strong><\/span>: Las denominaciones de $100 US son fuertemente desalentadas debido a que la verificaci\u00f3n de su autenticidad puede tomar hasta 3 semanas.<br \/>\n<\/div><\/li>\n<\/ul>\n","protected":false},"excerpt":{"rendered":"<p>\u00bfTiene alguna pregunta? Aqu\u00ed encontrar\u00e1 la respuesta a las preguntas frecuentes (FAQ) . Si tiene otra pregunta, por favor, p\u00f3ngase en contacto con nosotros.<\/p>\n","protected":false},"author":1,"featured_media":0,"parent":0,"menu_order":0,"comment_status":"closed","ping_status":"open","template":"","meta":{"_acf_changed":false,"footnotes":""},"class_list":["post-12727","page","type-page","status-publish","hentry"],"acf":[],"yoast_head":"<!-- This site is optimized with the Yoast SEO plugin v27.4 - https:\/\/yoast.com\/product\/yoast-seo-wordpress\/ -->\n<title>Preguntas frecuentes (FAQ) | CAVILAM - Alliance fran\u00e7aise<\/title>\n<meta name=\"description\" content=\"Aqu\u00ed encontrar\u00e1 la respuesta a las preguntas frecuentes (FAQ) . Si tiene otra pregunta, por favor, p\u00f3ngase en contacto con nosotros.\" \/>\n<meta name=\"robots\" content=\"index, follow, max-snippet:-1, max-image-preview:large, max-video-preview:-1\" \/>\n<link rel=\"canonical\" href=\"https:\/\/www.cavilam.com\/es\/faq\/\" \/>\n<meta property=\"og:locale\" content=\"es_ES\" \/>\n<meta property=\"og:type\" content=\"article\" \/>\n<meta property=\"og:title\" content=\"Preguntas frecuentes (FAQ) | CAVILAM - Alliance fran\u00e7aise\" \/>\n<meta property=\"og:description\" content=\"Aqu\u00ed encontrar\u00e1 la respuesta a las preguntas frecuentes (FAQ) . Si tiene otra pregunta, por favor, p\u00f3ngase en contacto con nosotros.\" \/>\n<meta property=\"og:url\" content=\"https:\/\/www.cavilam.com\/es\/faq\/\" \/>\n<meta property=\"og:site_name\" content=\"CAVILAM - Alliance Fran\u00e7aise\" \/>\n<meta property=\"article:publisher\" content=\"https:\/\/www.facebook.com\/cavilamofficiel\" \/>\n<meta property=\"article:modified_time\" content=\"2026-03-16T13:38:28+00:00\" \/>\n<meta name=\"twitter:card\" content=\"summary_large_image\" \/>\n<meta name=\"twitter:site\" content=\"@cavilamvichy\" \/>\n<meta name=\"twitter:label1\" content=\"Est. reading time\" \/>\n\t<meta name=\"twitter:data1\" content=\"3 minutes\" \/>\n<script type=\"application\/ld+json\" class=\"yoast-schema-graph\">{\"@context\":\"https:\\\/\\\/schema.org\",\"@graph\":[{\"@type\":\"WebPage\",\"@id\":\"https:\\\/\\\/www.cavilam.com\\\/es\\\/faq\\\/\",\"url\":\"https:\\\/\\\/www.cavilam.com\\\/es\\\/faq\\\/\",\"name\":\"Preguntas frecuentes (FAQ) | CAVILAM - Alliance fran\u00e7aise\",\"isPartOf\":{\"@id\":\"https:\\\/\\\/www.cavilam.com\\\/es\\\/#website\"},\"datePublished\":\"2016-12-21T11:32:33+00:00\",\"dateModified\":\"2026-03-16T13:38:28+00:00\",\"description\":\"Aqu\u00ed encontrar\u00e1 la respuesta a las preguntas frecuentes (FAQ) . Si tiene otra pregunta, por favor, p\u00f3ngase en contacto con nosotros.\",\"breadcrumb\":{\"@id\":\"https:\\\/\\\/www.cavilam.com\\\/es\\\/faq\\\/#breadcrumb\"},\"inLanguage\":\"es-ES\",\"potentialAction\":[{\"@type\":\"ReadAction\",\"target\":[\"https:\\\/\\\/www.cavilam.com\\\/es\\\/faq\\\/\"]}]},{\"@type\":\"BreadcrumbList\",\"@id\":\"https:\\\/\\\/www.cavilam.com\\\/es\\\/faq\\\/#breadcrumb\",\"itemListElement\":[{\"@type\":\"ListItem\",\"position\":1,\"name\":\"Accueil\",\"item\":\"https:\\\/\\\/www.cavilam.com\\\/es\\\/\"},{\"@type\":\"ListItem\",\"position\":2,\"name\":\"FAQ\"}]},{\"@type\":\"WebSite\",\"@id\":\"https:\\\/\\\/www.cavilam.com\\\/es\\\/#website\",\"url\":\"https:\\\/\\\/www.cavilam.com\\\/es\\\/\",\"name\":\"CAVILAM - Alliance Fran\u00e7aise\",\"description\":\"Apprendre le fran\u00e7ais en France\",\"publisher\":{\"@id\":\"https:\\\/\\\/www.cavilam.com\\\/es\\\/#organization\"},\"potentialAction\":[{\"@type\":\"SearchAction\",\"target\":{\"@type\":\"EntryPoint\",\"urlTemplate\":\"https:\\\/\\\/www.cavilam.com\\\/es\\\/?s={search_term_string}\"},\"query-input\":{\"@type\":\"PropertyValueSpecification\",\"valueRequired\":true,\"valueName\":\"search_term_string\"}}],\"inLanguage\":\"es-ES\"},{\"@type\":\"Organization\",\"@id\":\"https:\\\/\\\/www.cavilam.com\\\/es\\\/#organization\",\"name\":\"Cavilam Alliance Fran\u00e7aise\",\"url\":\"https:\\\/\\\/www.cavilam.com\\\/es\\\/\",\"logo\":{\"@type\":\"ImageObject\",\"inLanguage\":\"es-ES\",\"@id\":\"https:\\\/\\\/www.cavilam.com\\\/es\\\/#\\\/schema\\\/logo\\\/image\\\/\",\"url\":\"https:\\\/\\\/www.cavilam.com\\\/wp-content\\\/uploads\\\/2017\\\/05\\\/logo-site-1.png\",\"contentUrl\":\"https:\\\/\\\/www.cavilam.com\\\/wp-content\\\/uploads\\\/2017\\\/05\\\/logo-site-1.png\",\"width\":130,\"height\":92,\"caption\":\"Cavilam Alliance Fran\u00e7aise\"},\"image\":{\"@id\":\"https:\\\/\\\/www.cavilam.com\\\/es\\\/#\\\/schema\\\/logo\\\/image\\\/\"},\"sameAs\":[\"https:\\\/\\\/www.facebook.com\\\/cavilamofficiel\",\"https:\\\/\\\/x.com\\\/cavilamvichy\",\"https:\\\/\\\/www.youtube.com\\\/user\\\/CAVILAMVICHY\"]}]}<\/script>\n<!-- \/ Yoast SEO plugin. -->","yoast_head_json":{"title":"Preguntas frecuentes (FAQ) | CAVILAM - Alliance fran\u00e7aise","description":"Aqu\u00ed encontrar\u00e1 la respuesta a las preguntas frecuentes (FAQ) . Si tiene otra pregunta, por favor, p\u00f3ngase en contacto con nosotros.","robots":{"index":"index","follow":"follow","max-snippet":"max-snippet:-1","max-image-preview":"max-image-preview:large","max-video-preview":"max-video-preview:-1"},"canonical":"https:\/\/www.cavilam.com\/es\/faq\/","og_locale":"es_ES","og_type":"article","og_title":"Preguntas frecuentes (FAQ) | CAVILAM - Alliance fran\u00e7aise","og_description":"Aqu\u00ed encontrar\u00e1 la respuesta a las preguntas frecuentes (FAQ) . Si tiene otra pregunta, por favor, p\u00f3ngase en contacto con nosotros.","og_url":"https:\/\/www.cavilam.com\/es\/faq\/","og_site_name":"CAVILAM - Alliance Fran\u00e7aise","article_publisher":"https:\/\/www.facebook.com\/cavilamofficiel","article_modified_time":"2026-03-16T13:38:28+00:00","twitter_card":"summary_large_image","twitter_site":"@cavilamvichy","twitter_misc":{"Est. reading time":"3 minutes"},"schema":{"@context":"https:\/\/schema.org","@graph":[{"@type":"WebPage","@id":"https:\/\/www.cavilam.com\/es\/faq\/","url":"https:\/\/www.cavilam.com\/es\/faq\/","name":"Preguntas frecuentes (FAQ) | CAVILAM - Alliance fran\u00e7aise","isPartOf":{"@id":"https:\/\/www.cavilam.com\/es\/#website"},"datePublished":"2016-12-21T11:32:33+00:00","dateModified":"2026-03-16T13:38:28+00:00","description":"Aqu\u00ed encontrar\u00e1 la respuesta a las preguntas frecuentes (FAQ) . Si tiene otra pregunta, por favor, p\u00f3ngase en contacto con nosotros.","breadcrumb":{"@id":"https:\/\/www.cavilam.com\/es\/faq\/#breadcrumb"},"inLanguage":"es-ES","potentialAction":[{"@type":"ReadAction","target":["https:\/\/www.cavilam.com\/es\/faq\/"]}]},{"@type":"BreadcrumbList","@id":"https:\/\/www.cavilam.com\/es\/faq\/#breadcrumb","itemListElement":[{"@type":"ListItem","position":1,"name":"Accueil","item":"https:\/\/www.cavilam.com\/es\/"},{"@type":"ListItem","position":2,"name":"FAQ"}]},{"@type":"WebSite","@id":"https:\/\/www.cavilam.com\/es\/#website","url":"https:\/\/www.cavilam.com\/es\/","name":"CAVILAM - Alliance Fran\u00e7aise","description":"Apprendre le fran\u00e7ais en France","publisher":{"@id":"https:\/\/www.cavilam.com\/es\/#organization"},"potentialAction":[{"@type":"SearchAction","target":{"@type":"EntryPoint","urlTemplate":"https:\/\/www.cavilam.com\/es\/?s={search_term_string}"},"query-input":{"@type":"PropertyValueSpecification","valueRequired":true,"valueName":"search_term_string"}}],"inLanguage":"es-ES"},{"@type":"Organization","@id":"https:\/\/www.cavilam.com\/es\/#organization","name":"Cavilam Alliance Fran\u00e7aise","url":"https:\/\/www.cavilam.com\/es\/","logo":{"@type":"ImageObject","inLanguage":"es-ES","@id":"https:\/\/www.cavilam.com\/es\/#\/schema\/logo\/image\/","url":"https:\/\/www.cavilam.com\/wp-content\/uploads\/2017\/05\/logo-site-1.png","contentUrl":"https:\/\/www.cavilam.com\/wp-content\/uploads\/2017\/05\/logo-site-1.png","width":130,"height":92,"caption":"Cavilam Alliance Fran\u00e7aise"},"image":{"@id":"https:\/\/www.cavilam.com\/es\/#\/schema\/logo\/image\/"},"sameAs":["https:\/\/www.facebook.com\/cavilamofficiel","https:\/\/x.com\/cavilamvichy","https:\/\/www.youtube.com\/user\/CAVILAMVICHY"]}]}},"_links":{"self":[{"href":"https:\/\/www.cavilam.com\/es\/wp-json\/wp\/v2\/pages\/12727","targetHints":{"allow":["GET"]}}],"collection":[{"href":"https:\/\/www.cavilam.com\/es\/wp-json\/wp\/v2\/pages"}],"about":[{"href":"https:\/\/www.cavilam.com\/es\/wp-json\/wp\/v2\/types\/page"}],"author":[{"embeddable":true,"href":"https:\/\/www.cavilam.com\/es\/wp-json\/wp\/v2\/users\/1"}],"replies":[{"embeddable":true,"href":"https:\/\/www.cavilam.com\/es\/wp-json\/wp\/v2\/comments?post=12727"}],"version-history":[{"count":11,"href":"https:\/\/www.cavilam.com\/es\/wp-json\/wp\/v2\/pages\/12727\/revisions"}],"predecessor-version":[{"id":26506,"href":"https:\/\/www.cavilam.com\/es\/wp-json\/wp\/v2\/pages\/12727\/revisions\/26506"}],"wp:attachment":[{"href":"https:\/\/www.cavilam.com\/es\/wp-json\/wp\/v2\/media?parent=12727"}],"curies":[{"name":"wp","href":"https:\/\/api.w.org\/{rel}","templated":true}]}}