{"id":20458,"date":"2021-03-05T22:45:20","date_gmt":"2021-03-05T20:45:20","guid":{"rendered":"https:\/\/www.cavilam.com\/?page_id=20458"},"modified":"2026-02-20T16:41:26","modified_gmt":"2026-02-20T14:41:26","slug":"frances-general","status":"publish","type":"page","link":"https:\/\/www.cavilam.com\/es\/frances-general\/","title":{"rendered":"Franc\u00e9s general"},"content":{"rendered":"\t\t<div data-elementor-type=\"wp-page\" data-elementor-id=\"20458\" class=\"elementor elementor-20458\">\n\t\t\t\t\t\t<section class=\"elementor-section elementor-top-section elementor-element elementor-element-da895f7 elementor-section-boxed elementor-section-height-default elementor-section-height-default\" data-id=\"da895f7\" data-element_type=\"section\">\n\t\t\t\t\t\t<div class=\"elementor-container elementor-column-gap-default\">\n\t\t\t\t\t<div class=\"elementor-column elementor-col-33 elementor-top-column elementor-element elementor-element-2a9c75f5\" data-id=\"2a9c75f5\" data-element_type=\"column\">\n\t\t\t<div class=\"elementor-widget-wrap elementor-element-populated\">\n\t\t\t\t\t\t<div class=\"elementor-element elementor-element-31aadb9 elementor-widget elementor-widget-image\" data-id=\"31aadb9\" data-element_type=\"widget\" data-widget_type=\"image.default\">\n\t\t\t\t<div class=\"elementor-widget-container\">\n\t\t\t\t\t\t\t\t\t\t\t\t\t\t\t\t<a href=\"https:\/\/www.cavilam.com\/es\/project\/programa-intensivo\/\">\n\t\t\t\t\t\t\t<img fetchpriority=\"high\" decoding=\"async\" width=\"810\" height=\"624\" src=\"https:\/\/www.cavilam.com\/wp-content\/uploads\/2016\/10\/CURSOS-DE-FRANCES-GENERAL_Programa-intensivo.jpg\" class=\"attachment-large size-large wp-image-19358\" alt=\"Programa intensivo\" srcset=\"https:\/\/www.cavilam.com\/wp-content\/uploads\/2016\/10\/CURSOS-DE-FRANCES-GENERAL_Programa-intensivo.jpg 810w, https:\/\/www.cavilam.com\/wp-content\/uploads\/2016\/10\/CURSOS-DE-FRANCES-GENERAL_Programa-intensivo-300x231.jpg 300w, https:\/\/www.cavilam.com\/wp-content\/uploads\/2016\/10\/CURSOS-DE-FRANCES-GENERAL_Programa-intensivo-768x592.jpg 768w, https:\/\/www.cavilam.com\/wp-content\/uploads\/2016\/10\/CURSOS-DE-FRANCES-GENERAL_Programa-intensivo-600x462.jpg 600w, https:\/\/www.cavilam.com\/wp-content\/uploads\/2016\/10\/CURSOS-DE-FRANCES-GENERAL_Programa-intensivo-560x431.jpg 560w, https:\/\/www.cavilam.com\/wp-content\/uploads\/2016\/10\/CURSOS-DE-FRANCES-GENERAL_Programa-intensivo-117x90.jpg 117w\" sizes=\"(max-width: 810px) 100vw, 810px\" \/>\t\t\t\t\t\t\t\t<\/a>\n\t\t\t\t\t\t\t\t\t\t\t\t\t\t\t<\/div>\n\t\t\t\t<\/div>\n\t\t\t\t<div class=\"elementor-element elementor-element-97c6a64 elementor-widget elementor-widget-image\" data-id=\"97c6a64\" data-element_type=\"widget\" data-widget_type=\"image.default\">\n\t\t\t\t<div class=\"elementor-widget-container\">\n\t\t\t\t\t\t\t\t\t\t\t\t\t\t\t\t<a href=\"https:\/\/www.cavilam.com\/es\/project-categories\/preparacion-de-examenes-en-persona\/\">\n\t\t\t\t\t\t\t<img decoding=\"async\" width=\"810\" height=\"624\" src=\"https:\/\/www.cavilam.com\/wp-content\/uploads\/2021\/10\/TOUS-COURS-EN-LIGNE-VISUEL-ES.jpg\" class=\"attachment-large size-large wp-image-21483\" alt=\"\" srcset=\"https:\/\/www.cavilam.com\/wp-content\/uploads\/2021\/10\/TOUS-COURS-EN-LIGNE-VISUEL-ES.jpg 810w, https:\/\/www.cavilam.com\/wp-content\/uploads\/2021\/10\/TOUS-COURS-EN-LIGNE-VISUEL-ES-300x231.jpg 300w, https:\/\/www.cavilam.com\/wp-content\/uploads\/2021\/10\/TOUS-COURS-EN-LIGNE-VISUEL-ES-768x592.jpg 768w, https:\/\/www.cavilam.com\/wp-content\/uploads\/2021\/10\/TOUS-COURS-EN-LIGNE-VISUEL-ES-600x462.jpg 600w, https:\/\/www.cavilam.com\/wp-content\/uploads\/2021\/10\/TOUS-COURS-EN-LIGNE-VISUEL-ES-560x431.jpg 560w, https:\/\/www.cavilam.com\/wp-content\/uploads\/2021\/10\/TOUS-COURS-EN-LIGNE-VISUEL-ES-117x90.jpg 117w\" sizes=\"(max-width: 810px) 100vw, 810px\" \/>\t\t\t\t\t\t\t\t<\/a>\n\t\t\t\t\t\t\t\t\t\t\t\t\t\t\t<\/div>\n\t\t\t\t<\/div>\n\t\t\t\t<div class=\"elementor-element elementor-element-f583733 elementor-widget elementor-widget-image\" data-id=\"f583733\" data-element_type=\"widget\" data-widget_type=\"image.default\">\n\t\t\t\t<div class=\"elementor-widget-container\">\n\t\t\t\t\t\t\t\t\t\t\t\t\t\t\t\t<a href=\"https:\/\/www.cavilam.com\/es\/programme-intensivo-para-jovenes\/\">\n\t\t\t\t\t\t\t<img decoding=\"async\" width=\"810\" height=\"625\" src=\"https:\/\/www.cavilam.com\/wp-content\/uploads\/2026\/02\/Programme-Intensivo-para-jovenes-crop.jpg\" class=\"attachment-large size-large wp-image-26189\" alt=\"\" srcset=\"https:\/\/www.cavilam.com\/wp-content\/uploads\/2026\/02\/Programme-Intensivo-para-jovenes-crop.jpg 810w, https:\/\/www.cavilam.com\/wp-content\/uploads\/2026\/02\/Programme-Intensivo-para-jovenes-crop-300x231.jpg 300w, https:\/\/www.cavilam.com\/wp-content\/uploads\/2026\/02\/Programme-Intensivo-para-jovenes-crop-768x593.jpg 768w, https:\/\/www.cavilam.com\/wp-content\/uploads\/2026\/02\/Programme-Intensivo-para-jovenes-crop-600x463.jpg 600w, https:\/\/www.cavilam.com\/wp-content\/uploads\/2026\/02\/Programme-Intensivo-para-jovenes-crop-560x432.jpg 560w, https:\/\/www.cavilam.com\/wp-content\/uploads\/2026\/02\/Programme-Intensivo-para-jovenes-crop-117x90.jpg 117w\" sizes=\"(max-width: 810px) 100vw, 810px\" \/>\t\t\t\t\t\t\t\t<\/a>\n\t\t\t\t\t\t\t\t\t\t\t\t\t\t\t<\/div>\n\t\t\t\t<\/div>\n\t\t\t\t\t<\/div>\n\t\t<\/div>\n\t\t\t\t<div class=\"elementor-column elementor-col-33 elementor-top-column elementor-element elementor-element-477858d1\" data-id=\"477858d1\" data-element_type=\"column\">\n\t\t\t<div class=\"elementor-widget-wrap elementor-element-populated\">\n\t\t\t\t\t\t<div class=\"elementor-element elementor-element-3eb2d99 elementor-widget elementor-widget-image\" data-id=\"3eb2d99\" data-element_type=\"widget\" data-widget_type=\"image.default\">\n\t\t\t\t<div class=\"elementor-widget-container\">\n\t\t\t\t\t\t\t\t\t\t\t\t\t\t\t\t<a href=\"https:\/\/www.cavilam.com\/es\/cursos-de-frances-para-fines-especificos-fos\/\">\n\t\t\t\t\t\t\t<img loading=\"lazy\" decoding=\"async\" width=\"810\" height=\"625\" src=\"https:\/\/www.cavilam.com\/wp-content\/uploads\/2025\/05\/Frances-con-objetivo-profesional-Frances-del-turismo-crop.jpg\" class=\"attachment-large size-large wp-image-25648\" alt=\"\" srcset=\"https:\/\/www.cavilam.com\/wp-content\/uploads\/2025\/05\/Frances-con-objetivo-profesional-Frances-del-turismo-crop.jpg 810w, https:\/\/www.cavilam.com\/wp-content\/uploads\/2025\/05\/Frances-con-objetivo-profesional-Frances-del-turismo-crop-300x231.jpg 300w, https:\/\/www.cavilam.com\/wp-content\/uploads\/2025\/05\/Frances-con-objetivo-profesional-Frances-del-turismo-crop-768x593.jpg 768w, https:\/\/www.cavilam.com\/wp-content\/uploads\/2025\/05\/Frances-con-objetivo-profesional-Frances-del-turismo-crop-600x463.jpg 600w, https:\/\/www.cavilam.com\/wp-content\/uploads\/2025\/05\/Frances-con-objetivo-profesional-Frances-del-turismo-crop-560x432.jpg 560w, https:\/\/www.cavilam.com\/wp-content\/uploads\/2025\/05\/Frances-con-objetivo-profesional-Frances-del-turismo-crop-117x90.jpg 117w\" sizes=\"(max-width: 810px) 100vw, 810px\" \/>\t\t\t\t\t\t\t\t<\/a>\n\t\t\t\t\t\t\t\t\t\t\t\t\t\t\t<\/div>\n\t\t\t\t<\/div>\n\t\t\t\t<div class=\"elementor-element elementor-element-29d2e5da elementor-widget elementor-widget-image\" data-id=\"29d2e5da\" data-element_type=\"widget\" data-widget_type=\"image.default\">\n\t\t\t\t<div class=\"elementor-widget-container\">\n\t\t\t\t\t\t\t\t\t\t\t\t\t\t\t\t<a href=\"https:\/\/www.cavilam.com\/es\/project\/estudios-universitarios-cientificos\/\">\n\t\t\t\t\t\t\t<img loading=\"lazy\" decoding=\"async\" width=\"810\" height=\"625\" src=\"https:\/\/www.cavilam.com\/wp-content\/uploads\/2016\/10\/Preparacion-para-los-estudios-universitarios.jpg\" class=\"attachment-large size-large wp-image-24564\" alt=\"\" srcset=\"https:\/\/www.cavilam.com\/wp-content\/uploads\/2016\/10\/Preparacion-para-los-estudios-universitarios.jpg 810w, https:\/\/www.cavilam.com\/wp-content\/uploads\/2016\/10\/Preparacion-para-los-estudios-universitarios-300x231.jpg 300w, https:\/\/www.cavilam.com\/wp-content\/uploads\/2016\/10\/Preparacion-para-los-estudios-universitarios-768x593.jpg 768w, https:\/\/www.cavilam.com\/wp-content\/uploads\/2016\/10\/Preparacion-para-los-estudios-universitarios-600x463.jpg 600w, https:\/\/www.cavilam.com\/wp-content\/uploads\/2016\/10\/Preparacion-para-los-estudios-universitarios-560x432.jpg 560w, https:\/\/www.cavilam.com\/wp-content\/uploads\/2016\/10\/Preparacion-para-los-estudios-universitarios-117x90.jpg 117w\" sizes=\"(max-width: 810px) 100vw, 810px\" \/>\t\t\t\t\t\t\t\t<\/a>\n\t\t\t\t\t\t\t\t\t\t\t\t\t\t\t<\/div>\n\t\t\t\t<\/div>\n\t\t\t\t<div class=\"elementor-element elementor-element-c8bee24 elementor-widget elementor-widget-image\" data-id=\"c8bee24\" data-element_type=\"widget\" data-widget_type=\"image.default\">\n\t\t\t\t<div class=\"elementor-widget-container\">\n\t\t\t\t\t\t\t\t\t\t\t\t\t\t\t\t<a href=\"https:\/\/www.cavilam.com\/es\/programa-premium-para-mayores\/\">\n\t\t\t\t\t\t\t<img loading=\"lazy\" decoding=\"async\" width=\"810\" height=\"624\" src=\"https:\/\/www.cavilam.com\/wp-content\/uploads\/2025\/03\/Programme-prestige-cours-1.jpg\" class=\"attachment-large size-large wp-image-25478\" alt=\"\" srcset=\"https:\/\/www.cavilam.com\/wp-content\/uploads\/2025\/03\/Programme-prestige-cours-1.jpg 810w, https:\/\/www.cavilam.com\/wp-content\/uploads\/2025\/03\/Programme-prestige-cours-1-300x231.jpg 300w, https:\/\/www.cavilam.com\/wp-content\/uploads\/2025\/03\/Programme-prestige-cours-1-768x592.jpg 768w, https:\/\/www.cavilam.com\/wp-content\/uploads\/2025\/03\/Programme-prestige-cours-1-600x462.jpg 600w, https:\/\/www.cavilam.com\/wp-content\/uploads\/2025\/03\/Programme-prestige-cours-1-560x431.jpg 560w, https:\/\/www.cavilam.com\/wp-content\/uploads\/2025\/03\/Programme-prestige-cours-1-117x90.jpg 117w\" sizes=\"(max-width: 810px) 100vw, 810px\" \/>\t\t\t\t\t\t\t\t<\/a>\n\t\t\t\t\t\t\t\t\t\t\t\t\t\t\t<\/div>\n\t\t\t\t<\/div>\n\t\t\t\t\t<\/div>\n\t\t<\/div>\n\t\t\t\t<div class=\"elementor-column elementor-col-33 elementor-top-column elementor-element elementor-element-615ef203\" data-id=\"615ef203\" data-element_type=\"column\">\n\t\t\t<div class=\"elementor-widget-wrap elementor-element-populated\">\n\t\t\t\t\t\t<div class=\"elementor-element elementor-element-55ae89c6 elementor-widget elementor-widget-image\" data-id=\"55ae89c6\" data-element_type=\"widget\" data-widget_type=\"image.default\">\n\t\t\t\t<div class=\"elementor-widget-container\">\n\t\t\t\t\t\t\t\t\t\t\t\t\t\t\t\t<a href=\"https:\/\/www.cavilam.com\/es\/project\/programa-superintensivo\/\">\n\t\t\t\t\t\t\t<img loading=\"lazy\" decoding=\"async\" width=\"810\" height=\"625\" src=\"https:\/\/www.cavilam.com\/wp-content\/uploads\/2016\/10\/CURSOS-DE-FRANCES-GENERAL_Programa-superintensivo.jpg\" class=\"attachment-large size-large wp-image-19413\" alt=\"Programa superintensivo\" srcset=\"https:\/\/www.cavilam.com\/wp-content\/uploads\/2016\/10\/CURSOS-DE-FRANCES-GENERAL_Programa-superintensivo.jpg 810w, https:\/\/www.cavilam.com\/wp-content\/uploads\/2016\/10\/CURSOS-DE-FRANCES-GENERAL_Programa-superintensivo-300x231.jpg 300w, https:\/\/www.cavilam.com\/wp-content\/uploads\/2016\/10\/CURSOS-DE-FRANCES-GENERAL_Programa-superintensivo-768x593.jpg 768w, https:\/\/www.cavilam.com\/wp-content\/uploads\/2016\/10\/CURSOS-DE-FRANCES-GENERAL_Programa-superintensivo-600x463.jpg 600w, https:\/\/www.cavilam.com\/wp-content\/uploads\/2016\/10\/CURSOS-DE-FRANCES-GENERAL_Programa-superintensivo-560x432.jpg 560w, https:\/\/www.cavilam.com\/wp-content\/uploads\/2016\/10\/CURSOS-DE-FRANCES-GENERAL_Programa-superintensivo-117x90.jpg 117w\" sizes=\"(max-width: 810px) 100vw, 810px\" \/>\t\t\t\t\t\t\t\t<\/a>\n\t\t\t\t\t\t\t\t\t\t\t\t\t\t\t<\/div>\n\t\t\t\t<\/div>\n\t\t\t\t<div class=\"elementor-element elementor-element-18852112 elementor-widget elementor-widget-image\" data-id=\"18852112\" data-element_type=\"widget\" data-widget_type=\"image.default\">\n\t\t\t\t<div class=\"elementor-widget-container\">\n\t\t\t\t\t\t\t\t\t\t\t\t\t\t\t\t<a href=\"https:\/\/www.cavilam.com\/es\/project\/clases-particulares\/\">\n\t\t\t\t\t\t\t<img loading=\"lazy\" decoding=\"async\" width=\"810\" height=\"624\" src=\"https:\/\/www.cavilam.com\/wp-content\/uploads\/2016\/10\/CURSOS-DE-FRANCES-GENERAL_Clases-particulares.jpg\" class=\"attachment-large size-large wp-image-19537\" alt=\"Clases particulares\" srcset=\"https:\/\/www.cavilam.com\/wp-content\/uploads\/2016\/10\/CURSOS-DE-FRANCES-GENERAL_Clases-particulares.jpg 810w, https:\/\/www.cavilam.com\/wp-content\/uploads\/2016\/10\/CURSOS-DE-FRANCES-GENERAL_Clases-particulares-300x231.jpg 300w, https:\/\/www.cavilam.com\/wp-content\/uploads\/2016\/10\/CURSOS-DE-FRANCES-GENERAL_Clases-particulares-768x592.jpg 768w, https:\/\/www.cavilam.com\/wp-content\/uploads\/2016\/10\/CURSOS-DE-FRANCES-GENERAL_Clases-particulares-600x462.jpg 600w, https:\/\/www.cavilam.com\/wp-content\/uploads\/2016\/10\/CURSOS-DE-FRANCES-GENERAL_Clases-particulares-560x431.jpg 560w, https:\/\/www.cavilam.com\/wp-content\/uploads\/2016\/10\/CURSOS-DE-FRANCES-GENERAL_Clases-particulares-117x90.jpg 117w\" sizes=\"(max-width: 810px) 100vw, 810px\" \/>\t\t\t\t\t\t\t\t<\/a>\n\t\t\t\t\t\t\t\t\t\t\t\t\t\t\t<\/div>\n\t\t\t\t<\/div>\n\t\t\t\t<div class=\"elementor-element elementor-element-4a4e0adb elementor-widget elementor-widget-image\" data-id=\"4a4e0adb\" data-element_type=\"widget\" data-widget_type=\"image.default\">\n\t\t\t\t<div class=\"elementor-widget-container\">\n\t\t\t\t\t\t\t\t\t\t\t\t\t\t\t\t<a href=\"https:\/\/www.cavilam.com\/es\/project\/deportes-e-idioma\/\">\n\t\t\t\t\t\t\t<img loading=\"lazy\" decoding=\"async\" width=\"810\" height=\"624\" src=\"https:\/\/www.cavilam.com\/wp-content\/uploads\/2022\/08\/Junior_ESP_1.jpg\" class=\"attachment-large size-large wp-image-22361\" alt=\"\" srcset=\"https:\/\/www.cavilam.com\/wp-content\/uploads\/2022\/08\/Junior_ESP_1.jpg 810w, https:\/\/www.cavilam.com\/wp-content\/uploads\/2022\/08\/Junior_ESP_1-300x231.jpg 300w, https:\/\/www.cavilam.com\/wp-content\/uploads\/2022\/08\/Junior_ESP_1-768x592.jpg 768w, https:\/\/www.cavilam.com\/wp-content\/uploads\/2022\/08\/Junior_ESP_1-600x462.jpg 600w, https:\/\/www.cavilam.com\/wp-content\/uploads\/2022\/08\/Junior_ESP_1-560x431.jpg 560w, https:\/\/www.cavilam.com\/wp-content\/uploads\/2022\/08\/Junior_ESP_1-117x90.jpg 117w\" sizes=\"(max-width: 810px) 100vw, 810px\" \/>\t\t\t\t\t\t\t\t<\/a>\n\t\t\t\t\t\t\t\t\t\t\t\t\t\t\t<\/div>\n\t\t\t\t<\/div>\n\t\t\t\t\t<\/div>\n\t\t<\/div>\n\t\t\t\t\t<\/div>\n\t\t<\/section>\n\t\t\t\t<\/div>\n\t\t","protected":false},"excerpt":{"rendered":"","protected":false},"author":3,"featured_media":0,"parent":0,"menu_order":0,"comment_status":"closed","ping_status":"closed","template":"","meta":{"_acf_changed":false,"footnotes":""},"class_list":["post-20458","page","type-page","status-publish","hentry"],"acf":[],"yoast_head":"<!-- This site is optimized with the Yoast SEO plugin v27.1.1 - https:\/\/yoast.com\/product\/yoast-seo-wordpress\/ -->\n<title>Cursos de franc\u00e9s como lengua extranjera en Vichy - CAVILAM-Alianza Francesa<\/title>\n<meta name=\"description\" content=\"Programas de aprendizaje de franc\u00e9s, todos los niveles, disponibles todo el a\u00f1o: Programa Intensivo, Programa Combinado, Programa S\u00faper Intensivo, Programa de Inmersi\u00f3n y clases particulares\" \/>\n<meta name=\"robots\" content=\"index, follow, max-snippet:-1, max-image-preview:large, max-video-preview:-1\" \/>\n<link rel=\"canonical\" href=\"https:\/\/www.cavilam.com\/es\/frances-general\/\" \/>\n<meta property=\"og:locale\" content=\"es_ES\" \/>\n<meta property=\"og:type\" content=\"article\" \/>\n<meta property=\"og:title\" content=\"Cursos de franc\u00e9s como lengua extranjera en Vichy - CAVILAM-Alianza Francesa\" \/>\n<meta property=\"og:description\" content=\"Programas de aprendizaje de franc\u00e9s, todos los niveles, disponibles todo el a\u00f1o: Programa Intensivo, Programa Combinado, Programa S\u00faper Intensivo, Programa de Inmersi\u00f3n y clases particulares\" \/>\n<meta property=\"og:url\" content=\"https:\/\/www.cavilam.com\/es\/frances-general\/\" \/>\n<meta property=\"og:site_name\" content=\"CAVILAM - Alliance Fran\u00e7aise\" \/>\n<meta property=\"article:publisher\" content=\"https:\/\/www.facebook.com\/cavilamofficiel\" \/>\n<meta property=\"article:modified_time\" content=\"2026-02-20T14:41:26+00:00\" \/>\n<meta property=\"og:image\" content=\"https:\/\/www.cavilam.com\/wp-content\/uploads\/2016\/10\/CURSOS-DE-FRANCES-GENERAL_Programa-intensivo.jpg\" \/>\n\t<meta property=\"og:image:width\" content=\"810\" \/>\n\t<meta property=\"og:image:height\" content=\"624\" \/>\n\t<meta property=\"og:image:type\" content=\"image\/jpeg\" \/>\n<meta name=\"twitter:card\" content=\"summary_large_image\" \/>\n<meta name=\"twitter:site\" content=\"@cavilamvichy\" \/>\n<meta name=\"twitter:label1\" content=\"Est. reading time\" \/>\n\t<meta name=\"twitter:data1\" content=\"2 minutes\" \/>\n<script type=\"application\/ld+json\" class=\"yoast-schema-graph\">{\"@context\":\"https:\/\/schema.org\",\"@graph\":[{\"@type\":\"WebPage\",\"@id\":\"https:\/\/www.cavilam.com\/es\/frances-general\/\",\"url\":\"https:\/\/www.cavilam.com\/es\/frances-general\/\",\"name\":\"Cursos de franc\u00e9s como lengua extranjera en Vichy - CAVILAM-Alianza Francesa\",\"isPartOf\":{\"@id\":\"https:\/\/www.cavilam.com\/es\/#website\"},\"primaryImageOfPage\":{\"@id\":\"https:\/\/www.cavilam.com\/es\/frances-general\/#primaryimage\"},\"image\":{\"@id\":\"https:\/\/www.cavilam.com\/es\/frances-general\/#primaryimage\"},\"thumbnailUrl\":\"https:\/\/www.cavilam.com\/wp-content\/uploads\/2016\/10\/CURSOS-DE-FRANCES-GENERAL_Programa-intensivo.jpg\",\"datePublished\":\"2021-03-05T20:45:20+00:00\",\"dateModified\":\"2026-02-20T14:41:26+00:00\",\"description\":\"Programas de aprendizaje de franc\u00e9s, todos los niveles, disponibles todo el a\u00f1o: Programa Intensivo, Programa Combinado, Programa S\u00faper Intensivo, Programa de Inmersi\u00f3n y clases particulares\",\"breadcrumb\":{\"@id\":\"https:\/\/www.cavilam.com\/es\/frances-general\/#breadcrumb\"},\"inLanguage\":\"es-ES\",\"potentialAction\":[{\"@type\":\"ReadAction\",\"target\":[\"https:\/\/www.cavilam.com\/es\/frances-general\/\"]}]},{\"@type\":\"ImageObject\",\"inLanguage\":\"es-ES\",\"@id\":\"https:\/\/www.cavilam.com\/es\/frances-general\/#primaryimage\",\"url\":\"https:\/\/www.cavilam.com\/wp-content\/uploads\/2016\/10\/CURSOS-DE-FRANCES-GENERAL_Programa-intensivo.jpg\",\"contentUrl\":\"https:\/\/www.cavilam.com\/wp-content\/uploads\/2016\/10\/CURSOS-DE-FRANCES-GENERAL_Programa-intensivo.jpg\"},{\"@type\":\"BreadcrumbList\",\"@id\":\"https:\/\/www.cavilam.com\/es\/frances-general\/#breadcrumb\",\"itemListElement\":[{\"@type\":\"ListItem\",\"position\":1,\"name\":\"Accueil\",\"item\":\"https:\/\/www.cavilam.com\/es\/\"},{\"@type\":\"ListItem\",\"position\":2,\"name\":\"Franc\u00e9s general\"}]},{\"@type\":\"WebSite\",\"@id\":\"https:\/\/www.cavilam.com\/es\/#website\",\"url\":\"https:\/\/www.cavilam.com\/es\/\",\"name\":\"CAVILAM - Alliance Fran\u00e7aise\",\"description\":\"Apprendre le fran\u00e7ais en France\",\"publisher\":{\"@id\":\"https:\/\/www.cavilam.com\/es\/#organization\"},\"potentialAction\":[{\"@type\":\"SearchAction\",\"target\":{\"@type\":\"EntryPoint\",\"urlTemplate\":\"https:\/\/www.cavilam.com\/es\/?s={search_term_string}\"},\"query-input\":{\"@type\":\"PropertyValueSpecification\",\"valueRequired\":true,\"valueName\":\"search_term_string\"}}],\"inLanguage\":\"es-ES\"},{\"@type\":\"Organization\",\"@id\":\"https:\/\/www.cavilam.com\/es\/#organization\",\"name\":\"Cavilam Alliance Fran\u00e7aise\",\"url\":\"https:\/\/www.cavilam.com\/es\/\",\"logo\":{\"@type\":\"ImageObject\",\"inLanguage\":\"es-ES\",\"@id\":\"https:\/\/www.cavilam.com\/es\/#\/schema\/logo\/image\/\",\"url\":\"https:\/\/www.cavilam.com\/wp-content\/uploads\/2017\/05\/logo-site-1.png\",\"contentUrl\":\"https:\/\/www.cavilam.com\/wp-content\/uploads\/2017\/05\/logo-site-1.png\",\"width\":130,\"height\":92,\"caption\":\"Cavilam Alliance Fran\u00e7aise\"},\"image\":{\"@id\":\"https:\/\/www.cavilam.com\/es\/#\/schema\/logo\/image\/\"},\"sameAs\":[\"https:\/\/www.facebook.com\/cavilamofficiel\",\"https:\/\/x.com\/cavilamvichy\",\"https:\/\/www.youtube.com\/user\/CAVILAMVICHY\"]}]}<\/script>\n<!-- \/ Yoast SEO plugin. -->","yoast_head_json":{"title":"Cursos de franc\u00e9s como lengua extranjera en Vichy - CAVILAM-Alianza Francesa","description":"Programas de aprendizaje de franc\u00e9s, todos los niveles, disponibles todo el a\u00f1o: Programa Intensivo, Programa Combinado, Programa S\u00faper Intensivo, Programa de Inmersi\u00f3n y clases particulares","robots":{"index":"index","follow":"follow","max-snippet":"max-snippet:-1","max-image-preview":"max-image-preview:large","max-video-preview":"max-video-preview:-1"},"canonical":"https:\/\/www.cavilam.com\/es\/frances-general\/","og_locale":"es_ES","og_type":"article","og_title":"Cursos de franc\u00e9s como lengua extranjera en Vichy - CAVILAM-Alianza Francesa","og_description":"Programas de aprendizaje de franc\u00e9s, todos los niveles, disponibles todo el a\u00f1o: Programa Intensivo, Programa Combinado, Programa S\u00faper Intensivo, Programa de Inmersi\u00f3n y clases particulares","og_url":"https:\/\/www.cavilam.com\/es\/frances-general\/","og_site_name":"CAVILAM - Alliance Fran\u00e7aise","article_publisher":"https:\/\/www.facebook.com\/cavilamofficiel","article_modified_time":"2026-02-20T14:41:26+00:00","og_image":[{"width":810,"height":624,"url":"https:\/\/www.cavilam.com\/wp-content\/uploads\/2016\/10\/CURSOS-DE-FRANCES-GENERAL_Programa-intensivo.jpg","type":"image\/jpeg"}],"twitter_card":"summary_large_image","twitter_site":"@cavilamvichy","twitter_misc":{"Est. reading time":"2 minutes"},"schema":{"@context":"https:\/\/schema.org","@graph":[{"@type":"WebPage","@id":"https:\/\/www.cavilam.com\/es\/frances-general\/","url":"https:\/\/www.cavilam.com\/es\/frances-general\/","name":"Cursos de franc\u00e9s como lengua extranjera en Vichy - CAVILAM-Alianza Francesa","isPartOf":{"@id":"https:\/\/www.cavilam.com\/es\/#website"},"primaryImageOfPage":{"@id":"https:\/\/www.cavilam.com\/es\/frances-general\/#primaryimage"},"image":{"@id":"https:\/\/www.cavilam.com\/es\/frances-general\/#primaryimage"},"thumbnailUrl":"https:\/\/www.cavilam.com\/wp-content\/uploads\/2016\/10\/CURSOS-DE-FRANCES-GENERAL_Programa-intensivo.jpg","datePublished":"2021-03-05T20:45:20+00:00","dateModified":"2026-02-20T14:41:26+00:00","description":"Programas de aprendizaje de franc\u00e9s, todos los niveles, disponibles todo el a\u00f1o: Programa Intensivo, Programa Combinado, Programa S\u00faper Intensivo, Programa de Inmersi\u00f3n y clases particulares","breadcrumb":{"@id":"https:\/\/www.cavilam.com\/es\/frances-general\/#breadcrumb"},"inLanguage":"es-ES","potentialAction":[{"@type":"ReadAction","target":["https:\/\/www.cavilam.com\/es\/frances-general\/"]}]},{"@type":"ImageObject","inLanguage":"es-ES","@id":"https:\/\/www.cavilam.com\/es\/frances-general\/#primaryimage","url":"https:\/\/www.cavilam.com\/wp-content\/uploads\/2016\/10\/CURSOS-DE-FRANCES-GENERAL_Programa-intensivo.jpg","contentUrl":"https:\/\/www.cavilam.com\/wp-content\/uploads\/2016\/10\/CURSOS-DE-FRANCES-GENERAL_Programa-intensivo.jpg"},{"@type":"BreadcrumbList","@id":"https:\/\/www.cavilam.com\/es\/frances-general\/#breadcrumb","itemListElement":[{"@type":"ListItem","position":1,"name":"Accueil","item":"https:\/\/www.cavilam.com\/es\/"},{"@type":"ListItem","position":2,"name":"Franc\u00e9s general"}]},{"@type":"WebSite","@id":"https:\/\/www.cavilam.com\/es\/#website","url":"https:\/\/www.cavilam.com\/es\/","name":"CAVILAM - Alliance Fran\u00e7aise","description":"Apprendre le fran\u00e7ais en France","publisher":{"@id":"https:\/\/www.cavilam.com\/es\/#organization"},"potentialAction":[{"@type":"SearchAction","target":{"@type":"EntryPoint","urlTemplate":"https:\/\/www.cavilam.com\/es\/?s={search_term_string}"},"query-input":{"@type":"PropertyValueSpecification","valueRequired":true,"valueName":"search_term_string"}}],"inLanguage":"es-ES"},{"@type":"Organization","@id":"https:\/\/www.cavilam.com\/es\/#organization","name":"Cavilam Alliance Fran\u00e7aise","url":"https:\/\/www.cavilam.com\/es\/","logo":{"@type":"ImageObject","inLanguage":"es-ES","@id":"https:\/\/www.cavilam.com\/es\/#\/schema\/logo\/image\/","url":"https:\/\/www.cavilam.com\/wp-content\/uploads\/2017\/05\/logo-site-1.png","contentUrl":"https:\/\/www.cavilam.com\/wp-content\/uploads\/2017\/05\/logo-site-1.png","width":130,"height":92,"caption":"Cavilam Alliance Fran\u00e7aise"},"image":{"@id":"https:\/\/www.cavilam.com\/es\/#\/schema\/logo\/image\/"},"sameAs":["https:\/\/www.facebook.com\/cavilamofficiel","https:\/\/x.com\/cavilamvichy","https:\/\/www.youtube.com\/user\/CAVILAMVICHY"]}]}},"_links":{"self":[{"href":"https:\/\/www.cavilam.com\/es\/wp-json\/wp\/v2\/pages\/20458","targetHints":{"allow":["GET"]}}],"collection":[{"href":"https:\/\/www.cavilam.com\/es\/wp-json\/wp\/v2\/pages"}],"about":[{"href":"https:\/\/www.cavilam.com\/es\/wp-json\/wp\/v2\/types\/page"}],"author":[{"embeddable":true,"href":"https:\/\/www.cavilam.com\/es\/wp-json\/wp\/v2\/users\/3"}],"replies":[{"embeddable":true,"href":"https:\/\/www.cavilam.com\/es\/wp-json\/wp\/v2\/comments?post=20458"}],"version-history":[{"count":66,"href":"https:\/\/www.cavilam.com\/es\/wp-json\/wp\/v2\/pages\/20458\/revisions"}],"predecessor-version":[{"id":26195,"href":"https:\/\/www.cavilam.com\/es\/wp-json\/wp\/v2\/pages\/20458\/revisions\/26195"}],"wp:attachment":[{"href":"https:\/\/www.cavilam.com\/es\/wp-json\/wp\/v2\/media?parent=20458"}],"curies":[{"name":"wp","href":"https:\/\/api.w.org\/{rel}","templated":true}]}}