{"id":20675,"date":"2021-04-09T18:00:10","date_gmt":"2021-04-09T16:00:10","guid":{"rendered":"https:\/\/www.cavilam.com\/?page_id=20675"},"modified":"2023-08-11T12:43:23","modified_gmt":"2023-08-11T10:43:23","slug":"examenes","status":"publish","type":"page","link":"https:\/\/www.cavilam.com\/es\/examenes\/","title":{"rendered":"Ex\u00e1menes"},"content":{"rendered":"\t\t<div data-elementor-type=\"wp-page\" data-elementor-id=\"20675\" class=\"elementor elementor-20675\">\n\t\t\t\t\t\t<section class=\"elementor-section elementor-top-section elementor-element elementor-element-5a12e68 elementor-section-boxed elementor-section-height-default elementor-section-height-default\" data-id=\"5a12e68\" data-element_type=\"section\">\n\t\t\t\t\t\t<div class=\"elementor-container elementor-column-gap-default\">\n\t\t\t\t\t<div class=\"elementor-column elementor-col-50 elementor-top-column elementor-element elementor-element-e83d3c6\" data-id=\"e83d3c6\" data-element_type=\"column\">\n\t\t\t<div class=\"elementor-widget-wrap elementor-element-populated\">\n\t\t\t\t\t\t<div class=\"elementor-element elementor-element-8c320ce elementor-widget elementor-widget-image\" data-id=\"8c320ce\" data-element_type=\"widget\" data-widget_type=\"image.default\">\n\t\t\t\t<div class=\"elementor-widget-container\">\n\t\t\t\t\t\t\t\t\t\t\t\t\t\t\t\t<a href=\"\/es\/project-categories\/examenes\/\">\n\t\t\t\t\t\t\t<img fetchpriority=\"high\" decoding=\"async\" width=\"810\" height=\"680\" src=\"https:\/\/www.cavilam.com\/wp-content\/uploads\/2021\/06\/cavilam-reynaud-ete2015-8349.jpg\" class=\"attachment-large size-large wp-image-20972\" alt=\"\" srcset=\"https:\/\/www.cavilam.com\/wp-content\/uploads\/2021\/06\/cavilam-reynaud-ete2015-8349.jpg 810w, https:\/\/www.cavilam.com\/wp-content\/uploads\/2021\/06\/cavilam-reynaud-ete2015-8349-300x252.jpg 300w, https:\/\/www.cavilam.com\/wp-content\/uploads\/2021\/06\/cavilam-reynaud-ete2015-8349-768x645.jpg 768w, https:\/\/www.cavilam.com\/wp-content\/uploads\/2021\/06\/cavilam-reynaud-ete2015-8349-600x504.jpg 600w, https:\/\/www.cavilam.com\/wp-content\/uploads\/2021\/06\/cavilam-reynaud-ete2015-8349-560x470.jpg 560w, https:\/\/www.cavilam.com\/wp-content\/uploads\/2021\/06\/cavilam-reynaud-ete2015-8349-774x650.jpg 774w, https:\/\/www.cavilam.com\/wp-content\/uploads\/2021\/06\/cavilam-reynaud-ete2015-8349-107x90.jpg 107w\" sizes=\"(max-width: 810px) 100vw, 810px\" \/>\t\t\t\t\t\t\t\t<\/a>\n\t\t\t\t\t\t\t\t\t\t\t\t\t\t\t<\/div>\n\t\t\t\t<\/div>\n\t\t\t\t<div class=\"elementor-element elementor-element-56fe526 cous-francais-en-ligne-title elementor-widget elementor-widget-text-editor\" data-id=\"56fe526\" data-element_type=\"widget\" data-settings=\"{&quot;_animation&quot;:&quot;none&quot;}\" data-widget_type=\"text-editor.default\">\n\t\t\t\t<div class=\"elementor-widget-container\">\n\t\t\t\t\t\t\t\t\t<h2 style=\"text-align: center; color: white; font-weight: bold;\"><a style=\"color: white;\" href=\"\/es\/project-categories\/examenes\/\">Ex\u00e1menes<\/a><\/h2>\t\t\t\t\t\t\t\t<\/div>\n\t\t\t\t<\/div>\n\t\t\t\t\t<\/div>\n\t\t<\/div>\n\t\t\t\t<div class=\"elementor-column elementor-col-50 elementor-top-column elementor-element elementor-element-35c8c61\" data-id=\"35c8c61\" data-element_type=\"column\">\n\t\t\t<div class=\"elementor-widget-wrap elementor-element-populated\">\n\t\t\t\t\t\t<div class=\"elementor-element elementor-element-1514b2f elementor-widget elementor-widget-image\" data-id=\"1514b2f\" data-element_type=\"widget\" data-widget_type=\"image.default\">\n\t\t\t\t<div class=\"elementor-widget-container\">\n\t\t\t\t\t\t\t\t\t\t\t\t\t\t\t\t<a href=\"\/es\/project-categories\/preparacion-de-examenes-en-persona\/\">\n\t\t\t\t\t\t\t<img decoding=\"async\" width=\"810\" height=\"680\" src=\"https:\/\/www.cavilam.com\/wp-content\/uploads\/2021\/03\/lire-810x456-1.png\" class=\"attachment-large size-large wp-image-20247\" alt=\"\" srcset=\"https:\/\/www.cavilam.com\/wp-content\/uploads\/2021\/03\/lire-810x456-1.png 810w, https:\/\/www.cavilam.com\/wp-content\/uploads\/2021\/03\/lire-810x456-1-300x252.png 300w, https:\/\/www.cavilam.com\/wp-content\/uploads\/2021\/03\/lire-810x456-1-768x645.png 768w, https:\/\/www.cavilam.com\/wp-content\/uploads\/2021\/03\/lire-810x456-1-600x504.png 600w, https:\/\/www.cavilam.com\/wp-content\/uploads\/2021\/03\/lire-810x456-1-560x470.png 560w, https:\/\/www.cavilam.com\/wp-content\/uploads\/2021\/03\/lire-810x456-1-774x650.png 774w, https:\/\/www.cavilam.com\/wp-content\/uploads\/2021\/03\/lire-810x456-1-107x90.png 107w\" sizes=\"(max-width: 810px) 100vw, 810px\" \/>\t\t\t\t\t\t\t\t<\/a>\n\t\t\t\t\t\t\t\t\t\t\t\t\t\t\t<\/div>\n\t\t\t\t<\/div>\n\t\t\t\t<div class=\"elementor-element elementor-element-efe7247 cous-francais-en-ligne-title elementor-widget elementor-widget-text-editor\" data-id=\"efe7247\" data-element_type=\"widget\" data-settings=\"{&quot;_animation&quot;:&quot;none&quot;}\" data-widget_type=\"text-editor.default\">\n\t\t\t\t<div class=\"elementor-widget-container\">\n\t\t\t\t\t\t\t\t\t<h2 style=\"text-align: center; color: white; font-weight: bold;\"><a style=\"color: white;\" href=\"\/es\/project-categories\/preparacion-de-examenes-en-persona\/\">Preparaci\u00f3n de ex\u00e1menes en persona<\/a><\/h2>\t\t\t\t\t\t\t\t<\/div>\n\t\t\t\t<\/div>\n\t\t\t\t\t<\/div>\n\t\t<\/div>\n\t\t\t\t\t<\/div>\n\t\t<\/section>\n\t\t\t\t<\/div>\n\t\t","protected":false},"excerpt":{"rendered":"<p>Ex\u00e1menes Preparaci\u00f3n de ex\u00e1menes en persona<\/p>\n","protected":false},"author":3,"featured_media":0,"parent":0,"menu_order":0,"comment_status":"closed","ping_status":"closed","template":"","meta":{"_acf_changed":false,"footnotes":""},"class_list":["post-20675","page","type-page","status-publish","hentry"],"acf":[],"yoast_head":"<!-- This site is optimized with the Yoast SEO plugin v27.1.1 - https:\/\/yoast.com\/product\/yoast-seo-wordpress\/ -->\n<title>Ex\u00e1menes de franc\u00e9s: TCF, DELF, DALF y preparaci\u00f3n de ex\u00e1menes<\/title>\n<meta name=\"description\" content=\"Reg\u00edstrate para los ex\u00e1menes DELF A2, B1, B2, DALF C1, TCF y TCF IRN. Prep\u00e1rese para los ex\u00e1menes de franc\u00e9s DELF y DALF con los expertos de CAVILAM -Alianza Francesa\" \/>\n<meta name=\"robots\" content=\"index, follow, max-snippet:-1, max-image-preview:large, max-video-preview:-1\" \/>\n<link rel=\"canonical\" href=\"https:\/\/www.cavilam.com\/es\/examenes\/\" \/>\n<meta property=\"og:locale\" content=\"es_ES\" \/>\n<meta property=\"og:type\" content=\"article\" \/>\n<meta property=\"og:title\" content=\"Ex\u00e1menes de franc\u00e9s: TCF, DELF, DALF y preparaci\u00f3n de ex\u00e1menes\" \/>\n<meta property=\"og:description\" content=\"Reg\u00edstrate para los ex\u00e1menes DELF A2, B1, B2, DALF C1, TCF y TCF IRN. Prep\u00e1rese para los ex\u00e1menes de franc\u00e9s DELF y DALF con los expertos de CAVILAM -Alianza Francesa\" \/>\n<meta property=\"og:url\" content=\"https:\/\/www.cavilam.com\/es\/examenes\/\" \/>\n<meta property=\"og:site_name\" content=\"CAVILAM - Alliance Fran\u00e7aise\" \/>\n<meta property=\"article:publisher\" content=\"https:\/\/www.facebook.com\/cavilamofficiel\" \/>\n<meta property=\"article:modified_time\" content=\"2023-08-11T10:43:23+00:00\" \/>\n<meta property=\"og:image\" content=\"https:\/\/www.cavilam.com\/wp-content\/uploads\/2021\/06\/cavilam-reynaud-ete2015-8349.jpg\" \/>\n<meta name=\"twitter:card\" content=\"summary_large_image\" \/>\n<meta name=\"twitter:site\" content=\"@cavilamvichy\" \/>\n<meta name=\"twitter:label1\" content=\"Est. reading time\" \/>\n\t<meta name=\"twitter:data1\" content=\"1 minute\" \/>\n<script type=\"application\/ld+json\" class=\"yoast-schema-graph\">{\"@context\":\"https:\/\/schema.org\",\"@graph\":[{\"@type\":\"WebPage\",\"@id\":\"https:\/\/www.cavilam.com\/es\/examenes\/\",\"url\":\"https:\/\/www.cavilam.com\/es\/examenes\/\",\"name\":\"Ex\u00e1menes de franc\u00e9s: TCF, DELF, DALF y preparaci\u00f3n de ex\u00e1menes\",\"isPartOf\":{\"@id\":\"https:\/\/www.cavilam.com\/es\/#website\"},\"primaryImageOfPage\":{\"@id\":\"https:\/\/www.cavilam.com\/es\/examenes\/#primaryimage\"},\"image\":{\"@id\":\"https:\/\/www.cavilam.com\/es\/examenes\/#primaryimage\"},\"thumbnailUrl\":\"https:\/\/www.cavilam.com\/wp-content\/uploads\/2021\/06\/cavilam-reynaud-ete2015-8349.jpg\",\"datePublished\":\"2021-04-09T16:00:10+00:00\",\"dateModified\":\"2023-08-11T10:43:23+00:00\",\"description\":\"Reg\u00edstrate para los ex\u00e1menes DELF A2, B1, B2, DALF C1, TCF y TCF IRN. Prep\u00e1rese para los ex\u00e1menes de franc\u00e9s DELF y DALF con los expertos de CAVILAM -Alianza Francesa\",\"breadcrumb\":{\"@id\":\"https:\/\/www.cavilam.com\/es\/examenes\/#breadcrumb\"},\"inLanguage\":\"es-ES\",\"potentialAction\":[{\"@type\":\"ReadAction\",\"target\":[\"https:\/\/www.cavilam.com\/es\/examenes\/\"]}]},{\"@type\":\"ImageObject\",\"inLanguage\":\"es-ES\",\"@id\":\"https:\/\/www.cavilam.com\/es\/examenes\/#primaryimage\",\"url\":\"https:\/\/www.cavilam.com\/wp-content\/uploads\/2021\/06\/cavilam-reynaud-ete2015-8349.jpg\",\"contentUrl\":\"https:\/\/www.cavilam.com\/wp-content\/uploads\/2021\/06\/cavilam-reynaud-ete2015-8349.jpg\"},{\"@type\":\"BreadcrumbList\",\"@id\":\"https:\/\/www.cavilam.com\/es\/examenes\/#breadcrumb\",\"itemListElement\":[{\"@type\":\"ListItem\",\"position\":1,\"name\":\"Accueil\",\"item\":\"https:\/\/www.cavilam.com\/es\/\"},{\"@type\":\"ListItem\",\"position\":2,\"name\":\"Ex\u00e1menes\"}]},{\"@type\":\"WebSite\",\"@id\":\"https:\/\/www.cavilam.com\/es\/#website\",\"url\":\"https:\/\/www.cavilam.com\/es\/\",\"name\":\"CAVILAM - Alliance Fran\u00e7aise\",\"description\":\"Apprendre le fran\u00e7ais en France\",\"publisher\":{\"@id\":\"https:\/\/www.cavilam.com\/es\/#organization\"},\"potentialAction\":[{\"@type\":\"SearchAction\",\"target\":{\"@type\":\"EntryPoint\",\"urlTemplate\":\"https:\/\/www.cavilam.com\/es\/?s={search_term_string}\"},\"query-input\":{\"@type\":\"PropertyValueSpecification\",\"valueRequired\":true,\"valueName\":\"search_term_string\"}}],\"inLanguage\":\"es-ES\"},{\"@type\":\"Organization\",\"@id\":\"https:\/\/www.cavilam.com\/es\/#organization\",\"name\":\"Cavilam Alliance Fran\u00e7aise\",\"url\":\"https:\/\/www.cavilam.com\/es\/\",\"logo\":{\"@type\":\"ImageObject\",\"inLanguage\":\"es-ES\",\"@id\":\"https:\/\/www.cavilam.com\/es\/#\/schema\/logo\/image\/\",\"url\":\"https:\/\/www.cavilam.com\/wp-content\/uploads\/2017\/05\/logo-site-1.png\",\"contentUrl\":\"https:\/\/www.cavilam.com\/wp-content\/uploads\/2017\/05\/logo-site-1.png\",\"width\":130,\"height\":92,\"caption\":\"Cavilam Alliance Fran\u00e7aise\"},\"image\":{\"@id\":\"https:\/\/www.cavilam.com\/es\/#\/schema\/logo\/image\/\"},\"sameAs\":[\"https:\/\/www.facebook.com\/cavilamofficiel\",\"https:\/\/x.com\/cavilamvichy\",\"https:\/\/www.youtube.com\/user\/CAVILAMVICHY\"]}]}<\/script>\n<!-- \/ Yoast SEO plugin. -->","yoast_head_json":{"title":"Ex\u00e1menes de franc\u00e9s: TCF, DELF, DALF y preparaci\u00f3n de ex\u00e1menes","description":"Reg\u00edstrate para los ex\u00e1menes DELF A2, B1, B2, DALF C1, TCF y TCF IRN. Prep\u00e1rese para los ex\u00e1menes de franc\u00e9s DELF y DALF con los expertos de CAVILAM -Alianza Francesa","robots":{"index":"index","follow":"follow","max-snippet":"max-snippet:-1","max-image-preview":"max-image-preview:large","max-video-preview":"max-video-preview:-1"},"canonical":"https:\/\/www.cavilam.com\/es\/examenes\/","og_locale":"es_ES","og_type":"article","og_title":"Ex\u00e1menes de franc\u00e9s: TCF, DELF, DALF y preparaci\u00f3n de ex\u00e1menes","og_description":"Reg\u00edstrate para los ex\u00e1menes DELF A2, B1, B2, DALF C1, TCF y TCF IRN. Prep\u00e1rese para los ex\u00e1menes de franc\u00e9s DELF y DALF con los expertos de CAVILAM -Alianza Francesa","og_url":"https:\/\/www.cavilam.com\/es\/examenes\/","og_site_name":"CAVILAM - Alliance Fran\u00e7aise","article_publisher":"https:\/\/www.facebook.com\/cavilamofficiel","article_modified_time":"2023-08-11T10:43:23+00:00","og_image":[{"url":"https:\/\/www.cavilam.com\/wp-content\/uploads\/2021\/06\/cavilam-reynaud-ete2015-8349.jpg","type":"","width":"","height":""}],"twitter_card":"summary_large_image","twitter_site":"@cavilamvichy","twitter_misc":{"Est. reading time":"1 minute"},"schema":{"@context":"https:\/\/schema.org","@graph":[{"@type":"WebPage","@id":"https:\/\/www.cavilam.com\/es\/examenes\/","url":"https:\/\/www.cavilam.com\/es\/examenes\/","name":"Ex\u00e1menes de franc\u00e9s: TCF, DELF, DALF y preparaci\u00f3n de ex\u00e1menes","isPartOf":{"@id":"https:\/\/www.cavilam.com\/es\/#website"},"primaryImageOfPage":{"@id":"https:\/\/www.cavilam.com\/es\/examenes\/#primaryimage"},"image":{"@id":"https:\/\/www.cavilam.com\/es\/examenes\/#primaryimage"},"thumbnailUrl":"https:\/\/www.cavilam.com\/wp-content\/uploads\/2021\/06\/cavilam-reynaud-ete2015-8349.jpg","datePublished":"2021-04-09T16:00:10+00:00","dateModified":"2023-08-11T10:43:23+00:00","description":"Reg\u00edstrate para los ex\u00e1menes DELF A2, B1, B2, DALF C1, TCF y TCF IRN. Prep\u00e1rese para los ex\u00e1menes de franc\u00e9s DELF y DALF con los expertos de CAVILAM -Alianza Francesa","breadcrumb":{"@id":"https:\/\/www.cavilam.com\/es\/examenes\/#breadcrumb"},"inLanguage":"es-ES","potentialAction":[{"@type":"ReadAction","target":["https:\/\/www.cavilam.com\/es\/examenes\/"]}]},{"@type":"ImageObject","inLanguage":"es-ES","@id":"https:\/\/www.cavilam.com\/es\/examenes\/#primaryimage","url":"https:\/\/www.cavilam.com\/wp-content\/uploads\/2021\/06\/cavilam-reynaud-ete2015-8349.jpg","contentUrl":"https:\/\/www.cavilam.com\/wp-content\/uploads\/2021\/06\/cavilam-reynaud-ete2015-8349.jpg"},{"@type":"BreadcrumbList","@id":"https:\/\/www.cavilam.com\/es\/examenes\/#breadcrumb","itemListElement":[{"@type":"ListItem","position":1,"name":"Accueil","item":"https:\/\/www.cavilam.com\/es\/"},{"@type":"ListItem","position":2,"name":"Ex\u00e1menes"}]},{"@type":"WebSite","@id":"https:\/\/www.cavilam.com\/es\/#website","url":"https:\/\/www.cavilam.com\/es\/","name":"CAVILAM - Alliance Fran\u00e7aise","description":"Apprendre le fran\u00e7ais en France","publisher":{"@id":"https:\/\/www.cavilam.com\/es\/#organization"},"potentialAction":[{"@type":"SearchAction","target":{"@type":"EntryPoint","urlTemplate":"https:\/\/www.cavilam.com\/es\/?s={search_term_string}"},"query-input":{"@type":"PropertyValueSpecification","valueRequired":true,"valueName":"search_term_string"}}],"inLanguage":"es-ES"},{"@type":"Organization","@id":"https:\/\/www.cavilam.com\/es\/#organization","name":"Cavilam Alliance Fran\u00e7aise","url":"https:\/\/www.cavilam.com\/es\/","logo":{"@type":"ImageObject","inLanguage":"es-ES","@id":"https:\/\/www.cavilam.com\/es\/#\/schema\/logo\/image\/","url":"https:\/\/www.cavilam.com\/wp-content\/uploads\/2017\/05\/logo-site-1.png","contentUrl":"https:\/\/www.cavilam.com\/wp-content\/uploads\/2017\/05\/logo-site-1.png","width":130,"height":92,"caption":"Cavilam Alliance Fran\u00e7aise"},"image":{"@id":"https:\/\/www.cavilam.com\/es\/#\/schema\/logo\/image\/"},"sameAs":["https:\/\/www.facebook.com\/cavilamofficiel","https:\/\/x.com\/cavilamvichy","https:\/\/www.youtube.com\/user\/CAVILAMVICHY"]}]}},"_links":{"self":[{"href":"https:\/\/www.cavilam.com\/es\/wp-json\/wp\/v2\/pages\/20675","targetHints":{"allow":["GET"]}}],"collection":[{"href":"https:\/\/www.cavilam.com\/es\/wp-json\/wp\/v2\/pages"}],"about":[{"href":"https:\/\/www.cavilam.com\/es\/wp-json\/wp\/v2\/types\/page"}],"author":[{"embeddable":true,"href":"https:\/\/www.cavilam.com\/es\/wp-json\/wp\/v2\/users\/3"}],"replies":[{"embeddable":true,"href":"https:\/\/www.cavilam.com\/es\/wp-json\/wp\/v2\/comments?post=20675"}],"version-history":[{"count":36,"href":"https:\/\/www.cavilam.com\/es\/wp-json\/wp\/v2\/pages\/20675\/revisions"}],"predecessor-version":[{"id":24198,"href":"https:\/\/www.cavilam.com\/es\/wp-json\/wp\/v2\/pages\/20675\/revisions\/24198"}],"wp:attachment":[{"href":"https:\/\/www.cavilam.com\/es\/wp-json\/wp\/v2\/media?parent=20675"}],"curies":[{"name":"wp","href":"https:\/\/api.w.org\/{rel}","templated":true}]}}