{"id":20922,"date":"2021-05-31T10:33:06","date_gmt":"2021-05-31T08:33:06","guid":{"rendered":"https:\/\/www.cavilam.com\/?page_id=20922"},"modified":"2022-08-04T13:08:41","modified_gmt":"2022-08-04T11:08:41","slug":"cursos-de-frances","status":"publish","type":"page","link":"https:\/\/www.cavilam.com\/es\/cursos-de-frances\/","title":{"rendered":"Cursos de franc\u00e9s"},"content":{"rendered":"\t\t<div data-elementor-type=\"wp-page\" data-elementor-id=\"20922\" class=\"elementor elementor-20922 elementor-20243\">\n\t\t\t\t\t\t<section class=\"elementor-section elementor-top-section elementor-element elementor-element-cd983ca elementor-section-boxed elementor-section-height-default elementor-section-height-default\" data-id=\"cd983ca\" data-element_type=\"section\">\n\t\t\t\t\t\t<div class=\"elementor-container elementor-column-gap-default\">\n\t\t\t\t\t<div class=\"elementor-column elementor-col-50 elementor-top-column elementor-element elementor-element-1a4d47e5\" data-id=\"1a4d47e5\" data-element_type=\"column\">\n\t\t\t<div class=\"elementor-widget-wrap elementor-element-populated\">\n\t\t\t\t\t\t<div class=\"elementor-element elementor-element-3356c569 elementor-widget elementor-widget-image\" data-id=\"3356c569\" data-element_type=\"widget\" data-widget_type=\"image.default\">\n\t\t\t\t<div class=\"elementor-widget-container\">\n\t\t\t\t\t\t\t\t\t\t\t\t\t\t\t\t<a href=\"\/es\/frances-general\">\n\t\t\t\t\t\t\t<img fetchpriority=\"high\" decoding=\"async\" width=\"810\" height=\"680\" src=\"https:\/\/www.cavilam.com\/wp-content\/uploads\/2021\/03\/Enseigner-le-franc\u0327ais-dynamiser-la-classe-au-quotidien-810x454-1.jpg\" class=\"attachment-large size-large wp-image-20250\" alt=\"\" srcset=\"https:\/\/www.cavilam.com\/wp-content\/uploads\/2021\/03\/Enseigner-le-franc\u0327ais-dynamiser-la-classe-au-quotidien-810x454-1.jpg 810w, https:\/\/www.cavilam.com\/wp-content\/uploads\/2021\/03\/Enseigner-le-franc\u0327ais-dynamiser-la-classe-au-quotidien-810x454-1-300x252.jpg 300w, https:\/\/www.cavilam.com\/wp-content\/uploads\/2021\/03\/Enseigner-le-franc\u0327ais-dynamiser-la-classe-au-quotidien-810x454-1-768x645.jpg 768w, https:\/\/www.cavilam.com\/wp-content\/uploads\/2021\/03\/Enseigner-le-franc\u0327ais-dynamiser-la-classe-au-quotidien-810x454-1-600x504.jpg 600w, https:\/\/www.cavilam.com\/wp-content\/uploads\/2021\/03\/Enseigner-le-franc\u0327ais-dynamiser-la-classe-au-quotidien-810x454-1-560x470.jpg 560w, https:\/\/www.cavilam.com\/wp-content\/uploads\/2021\/03\/Enseigner-le-franc\u0327ais-dynamiser-la-classe-au-quotidien-810x454-1-774x650.jpg 774w, https:\/\/www.cavilam.com\/wp-content\/uploads\/2021\/03\/Enseigner-le-franc\u0327ais-dynamiser-la-classe-au-quotidien-810x454-1-107x90.jpg 107w\" sizes=\"(max-width: 810px) 100vw, 810px\" \/>\t\t\t\t\t\t\t\t<\/a>\n\t\t\t\t\t\t\t\t\t\t\t\t\t\t\t<\/div>\n\t\t\t\t<\/div>\n\t\t\t\t<div class=\"elementor-element elementor-element-f43cc5c cous-francais-en-ligne-title elementor-widget elementor-widget-text-editor\" data-id=\"f43cc5c\" data-element_type=\"widget\" data-settings=\"{&quot;_animation&quot;:&quot;none&quot;}\" data-widget_type=\"text-editor.default\">\n\t\t\t\t<div class=\"elementor-widget-container\">\n\t\t\t\t\t\t\t\t\t<h2 style=\"text-align: center; color: white; font-weight: bold;\"><a style=\"color: white;\" href=\"\/frances-general\">Cursos de franc\u00e9s en persona<\/a><\/h2>\t\t\t\t\t\t\t\t<\/div>\n\t\t\t\t<\/div>\n\t\t\t\t\t<\/div>\n\t\t<\/div>\n\t\t\t\t<div class=\"elementor-column elementor-col-50 elementor-top-column elementor-element elementor-element-9cd0042\" data-id=\"9cd0042\" data-element_type=\"column\">\n\t\t\t<div class=\"elementor-widget-wrap elementor-element-populated\">\n\t\t\t\t\t\t<div class=\"elementor-element elementor-element-e3533a elementor-widget elementor-widget-image\" data-id=\"e3533a\" data-element_type=\"widget\" data-widget_type=\"image.default\">\n\t\t\t\t<div class=\"elementor-widget-container\">\n\t\t\t\t\t\t\t\t\t\t\t\t\t\t\t\t<a href=\"\/es\/project-categories\/frances-general-en-linea\/\">\n\t\t\t\t\t\t\t<img decoding=\"async\" width=\"810\" height=\"680\" src=\"https:\/\/www.cavilam.com\/wp-content\/uploads\/2021\/03\/lire-810x456-1.png\" class=\"attachment-large size-large wp-image-20247\" alt=\"\" srcset=\"https:\/\/www.cavilam.com\/wp-content\/uploads\/2021\/03\/lire-810x456-1.png 810w, https:\/\/www.cavilam.com\/wp-content\/uploads\/2021\/03\/lire-810x456-1-300x252.png 300w, https:\/\/www.cavilam.com\/wp-content\/uploads\/2021\/03\/lire-810x456-1-768x645.png 768w, https:\/\/www.cavilam.com\/wp-content\/uploads\/2021\/03\/lire-810x456-1-600x504.png 600w, https:\/\/www.cavilam.com\/wp-content\/uploads\/2021\/03\/lire-810x456-1-560x470.png 560w, https:\/\/www.cavilam.com\/wp-content\/uploads\/2021\/03\/lire-810x456-1-774x650.png 774w, https:\/\/www.cavilam.com\/wp-content\/uploads\/2021\/03\/lire-810x456-1-107x90.png 107w\" sizes=\"(max-width: 810px) 100vw, 810px\" \/>\t\t\t\t\t\t\t\t<\/a>\n\t\t\t\t\t\t\t\t\t\t\t\t\t\t\t<\/div>\n\t\t\t\t<\/div>\n\t\t\t\t<div class=\"elementor-element elementor-element-5869fffb cous-francais-en-ligne-title elementor-widget elementor-widget-text-editor\" data-id=\"5869fffb\" data-element_type=\"widget\" data-settings=\"{&quot;_animation&quot;:&quot;none&quot;}\" data-widget_type=\"text-editor.default\">\n\t\t\t\t<div class=\"elementor-widget-container\">\n\t\t\t\t\t\t\t\t\t<h2 style=\"text-align: center; color: white; font-weight: bold;\"><a style=\"color: white;\" href=\"\/es\/project-categories\/frances-general-en-linea\/\">Cursos de franc\u00e9s en l\u00ednea<\/a><\/h2>\t\t\t\t\t\t\t\t<\/div>\n\t\t\t\t<\/div>\n\t\t\t\t\t<\/div>\n\t\t<\/div>\n\t\t\t\t\t<\/div>\n\t\t<\/section>\n\t\t\t\t<\/div>\n\t\t","protected":false},"excerpt":{"rendered":"<p>Cursos de franc\u00e9s en persona Cursos de franc\u00e9s en l\u00ednea<\/p>\n","protected":false},"author":3,"featured_media":0,"parent":0,"menu_order":0,"comment_status":"closed","ping_status":"closed","template":"elementor_theme","meta":{"_acf_changed":false,"footnotes":""},"class_list":["post-20922","page","type-page","status-publish","hentry"],"acf":[],"yoast_head":"<!-- This site is optimized with the Yoast SEO plugin v27.4 - https:\/\/yoast.com\/product\/yoast-seo-wordpress\/ -->\n<title>Cursos de franc\u00e9s - CAVILAM - Alliance Fran\u00e7aise<\/title>\n<meta name=\"robots\" content=\"index, follow, max-snippet:-1, max-image-preview:large, max-video-preview:-1\" \/>\n<link rel=\"canonical\" href=\"https:\/\/www.cavilam.com\/es\/cursos-de-frances\/\" \/>\n<meta property=\"og:locale\" content=\"es_ES\" \/>\n<meta property=\"og:type\" content=\"article\" \/>\n<meta property=\"og:title\" content=\"Cursos de franc\u00e9s - CAVILAM - Alliance Fran\u00e7aise\" \/>\n<meta property=\"og:description\" content=\"Cursos de franc\u00e9s en persona Cursos de franc\u00e9s en l\u00ednea\" \/>\n<meta property=\"og:url\" content=\"https:\/\/www.cavilam.com\/es\/cursos-de-frances\/\" \/>\n<meta property=\"og:site_name\" content=\"CAVILAM - Alliance Fran\u00e7aise\" \/>\n<meta property=\"article:publisher\" content=\"https:\/\/www.facebook.com\/cavilamofficiel\" \/>\n<meta property=\"article:modified_time\" content=\"2022-08-04T11:08:41+00:00\" \/>\n<meta property=\"og:image\" content=\"https:\/\/www.cavilam.com\/wp-content\/uploads\/2021\/03\/lire-810x456-1.png\" \/>\n<meta name=\"twitter:card\" content=\"summary_large_image\" \/>\n<meta name=\"twitter:site\" content=\"@cavilamvichy\" \/>\n<meta name=\"twitter:label1\" content=\"Est. reading time\" \/>\n\t<meta name=\"twitter:data1\" content=\"1 minute\" \/>\n<script type=\"application\/ld+json\" class=\"yoast-schema-graph\">{\"@context\":\"https:\\\/\\\/schema.org\",\"@graph\":[{\"@type\":\"WebPage\",\"@id\":\"https:\\\/\\\/www.cavilam.com\\\/es\\\/cursos-de-frances\\\/\",\"url\":\"https:\\\/\\\/www.cavilam.com\\\/es\\\/cursos-de-frances\\\/\",\"name\":\"Cursos de franc\u00e9s - CAVILAM - Alliance Fran\u00e7aise\",\"isPartOf\":{\"@id\":\"https:\\\/\\\/www.cavilam.com\\\/es\\\/#website\"},\"primaryImageOfPage\":{\"@id\":\"https:\\\/\\\/www.cavilam.com\\\/es\\\/cursos-de-frances\\\/#primaryimage\"},\"image\":{\"@id\":\"https:\\\/\\\/www.cavilam.com\\\/es\\\/cursos-de-frances\\\/#primaryimage\"},\"thumbnailUrl\":\"https:\\\/\\\/www.cavilam.com\\\/wp-content\\\/uploads\\\/2021\\\/03\\\/lire-810x456-1.png\",\"datePublished\":\"2021-05-31T08:33:06+00:00\",\"dateModified\":\"2022-08-04T11:08:41+00:00\",\"breadcrumb\":{\"@id\":\"https:\\\/\\\/www.cavilam.com\\\/es\\\/cursos-de-frances\\\/#breadcrumb\"},\"inLanguage\":\"es-ES\",\"potentialAction\":[{\"@type\":\"ReadAction\",\"target\":[\"https:\\\/\\\/www.cavilam.com\\\/es\\\/cursos-de-frances\\\/\"]}]},{\"@type\":\"ImageObject\",\"inLanguage\":\"es-ES\",\"@id\":\"https:\\\/\\\/www.cavilam.com\\\/es\\\/cursos-de-frances\\\/#primaryimage\",\"url\":\"https:\\\/\\\/www.cavilam.com\\\/wp-content\\\/uploads\\\/2021\\\/03\\\/lire-810x456-1.png\",\"contentUrl\":\"https:\\\/\\\/www.cavilam.com\\\/wp-content\\\/uploads\\\/2021\\\/03\\\/lire-810x456-1.png\"},{\"@type\":\"BreadcrumbList\",\"@id\":\"https:\\\/\\\/www.cavilam.com\\\/es\\\/cursos-de-frances\\\/#breadcrumb\",\"itemListElement\":[{\"@type\":\"ListItem\",\"position\":1,\"name\":\"Accueil\",\"item\":\"https:\\\/\\\/www.cavilam.com\\\/es\\\/\"},{\"@type\":\"ListItem\",\"position\":2,\"name\":\"Cursos de franc\u00e9s\"}]},{\"@type\":\"WebSite\",\"@id\":\"https:\\\/\\\/www.cavilam.com\\\/es\\\/#website\",\"url\":\"https:\\\/\\\/www.cavilam.com\\\/es\\\/\",\"name\":\"CAVILAM - Alliance Fran\u00e7aise\",\"description\":\"Apprendre le fran\u00e7ais en France\",\"publisher\":{\"@id\":\"https:\\\/\\\/www.cavilam.com\\\/es\\\/#organization\"},\"potentialAction\":[{\"@type\":\"SearchAction\",\"target\":{\"@type\":\"EntryPoint\",\"urlTemplate\":\"https:\\\/\\\/www.cavilam.com\\\/es\\\/?s={search_term_string}\"},\"query-input\":{\"@type\":\"PropertyValueSpecification\",\"valueRequired\":true,\"valueName\":\"search_term_string\"}}],\"inLanguage\":\"es-ES\"},{\"@type\":\"Organization\",\"@id\":\"https:\\\/\\\/www.cavilam.com\\\/es\\\/#organization\",\"name\":\"Cavilam Alliance Fran\u00e7aise\",\"url\":\"https:\\\/\\\/www.cavilam.com\\\/es\\\/\",\"logo\":{\"@type\":\"ImageObject\",\"inLanguage\":\"es-ES\",\"@id\":\"https:\\\/\\\/www.cavilam.com\\\/es\\\/#\\\/schema\\\/logo\\\/image\\\/\",\"url\":\"https:\\\/\\\/www.cavilam.com\\\/wp-content\\\/uploads\\\/2017\\\/05\\\/logo-site-1.png\",\"contentUrl\":\"https:\\\/\\\/www.cavilam.com\\\/wp-content\\\/uploads\\\/2017\\\/05\\\/logo-site-1.png\",\"width\":130,\"height\":92,\"caption\":\"Cavilam Alliance Fran\u00e7aise\"},\"image\":{\"@id\":\"https:\\\/\\\/www.cavilam.com\\\/es\\\/#\\\/schema\\\/logo\\\/image\\\/\"},\"sameAs\":[\"https:\\\/\\\/www.facebook.com\\\/cavilamofficiel\",\"https:\\\/\\\/x.com\\\/cavilamvichy\",\"https:\\\/\\\/www.youtube.com\\\/user\\\/CAVILAMVICHY\"]}]}<\/script>\n<!-- \/ Yoast SEO plugin. -->","yoast_head_json":{"title":"Cursos de franc\u00e9s - CAVILAM - Alliance Fran\u00e7aise","robots":{"index":"index","follow":"follow","max-snippet":"max-snippet:-1","max-image-preview":"max-image-preview:large","max-video-preview":"max-video-preview:-1"},"canonical":"https:\/\/www.cavilam.com\/es\/cursos-de-frances\/","og_locale":"es_ES","og_type":"article","og_title":"Cursos de franc\u00e9s - CAVILAM - Alliance Fran\u00e7aise","og_description":"Cursos de franc\u00e9s en persona Cursos de franc\u00e9s en l\u00ednea","og_url":"https:\/\/www.cavilam.com\/es\/cursos-de-frances\/","og_site_name":"CAVILAM - Alliance Fran\u00e7aise","article_publisher":"https:\/\/www.facebook.com\/cavilamofficiel","article_modified_time":"2022-08-04T11:08:41+00:00","og_image":[{"url":"https:\/\/www.cavilam.com\/wp-content\/uploads\/2021\/03\/lire-810x456-1.png","type":"","width":"","height":""}],"twitter_card":"summary_large_image","twitter_site":"@cavilamvichy","twitter_misc":{"Est. reading time":"1 minute"},"schema":{"@context":"https:\/\/schema.org","@graph":[{"@type":"WebPage","@id":"https:\/\/www.cavilam.com\/es\/cursos-de-frances\/","url":"https:\/\/www.cavilam.com\/es\/cursos-de-frances\/","name":"Cursos de franc\u00e9s - CAVILAM - Alliance Fran\u00e7aise","isPartOf":{"@id":"https:\/\/www.cavilam.com\/es\/#website"},"primaryImageOfPage":{"@id":"https:\/\/www.cavilam.com\/es\/cursos-de-frances\/#primaryimage"},"image":{"@id":"https:\/\/www.cavilam.com\/es\/cursos-de-frances\/#primaryimage"},"thumbnailUrl":"https:\/\/www.cavilam.com\/wp-content\/uploads\/2021\/03\/lire-810x456-1.png","datePublished":"2021-05-31T08:33:06+00:00","dateModified":"2022-08-04T11:08:41+00:00","breadcrumb":{"@id":"https:\/\/www.cavilam.com\/es\/cursos-de-frances\/#breadcrumb"},"inLanguage":"es-ES","potentialAction":[{"@type":"ReadAction","target":["https:\/\/www.cavilam.com\/es\/cursos-de-frances\/"]}]},{"@type":"ImageObject","inLanguage":"es-ES","@id":"https:\/\/www.cavilam.com\/es\/cursos-de-frances\/#primaryimage","url":"https:\/\/www.cavilam.com\/wp-content\/uploads\/2021\/03\/lire-810x456-1.png","contentUrl":"https:\/\/www.cavilam.com\/wp-content\/uploads\/2021\/03\/lire-810x456-1.png"},{"@type":"BreadcrumbList","@id":"https:\/\/www.cavilam.com\/es\/cursos-de-frances\/#breadcrumb","itemListElement":[{"@type":"ListItem","position":1,"name":"Accueil","item":"https:\/\/www.cavilam.com\/es\/"},{"@type":"ListItem","position":2,"name":"Cursos de franc\u00e9s"}]},{"@type":"WebSite","@id":"https:\/\/www.cavilam.com\/es\/#website","url":"https:\/\/www.cavilam.com\/es\/","name":"CAVILAM - Alliance Fran\u00e7aise","description":"Apprendre le fran\u00e7ais en France","publisher":{"@id":"https:\/\/www.cavilam.com\/es\/#organization"},"potentialAction":[{"@type":"SearchAction","target":{"@type":"EntryPoint","urlTemplate":"https:\/\/www.cavilam.com\/es\/?s={search_term_string}"},"query-input":{"@type":"PropertyValueSpecification","valueRequired":true,"valueName":"search_term_string"}}],"inLanguage":"es-ES"},{"@type":"Organization","@id":"https:\/\/www.cavilam.com\/es\/#organization","name":"Cavilam Alliance Fran\u00e7aise","url":"https:\/\/www.cavilam.com\/es\/","logo":{"@type":"ImageObject","inLanguage":"es-ES","@id":"https:\/\/www.cavilam.com\/es\/#\/schema\/logo\/image\/","url":"https:\/\/www.cavilam.com\/wp-content\/uploads\/2017\/05\/logo-site-1.png","contentUrl":"https:\/\/www.cavilam.com\/wp-content\/uploads\/2017\/05\/logo-site-1.png","width":130,"height":92,"caption":"Cavilam Alliance Fran\u00e7aise"},"image":{"@id":"https:\/\/www.cavilam.com\/es\/#\/schema\/logo\/image\/"},"sameAs":["https:\/\/www.facebook.com\/cavilamofficiel","https:\/\/x.com\/cavilamvichy","https:\/\/www.youtube.com\/user\/CAVILAMVICHY"]}]}},"_links":{"self":[{"href":"https:\/\/www.cavilam.com\/es\/wp-json\/wp\/v2\/pages\/20922","targetHints":{"allow":["GET"]}}],"collection":[{"href":"https:\/\/www.cavilam.com\/es\/wp-json\/wp\/v2\/pages"}],"about":[{"href":"https:\/\/www.cavilam.com\/es\/wp-json\/wp\/v2\/types\/page"}],"author":[{"embeddable":true,"href":"https:\/\/www.cavilam.com\/es\/wp-json\/wp\/v2\/users\/3"}],"replies":[{"embeddable":true,"href":"https:\/\/www.cavilam.com\/es\/wp-json\/wp\/v2\/comments?post=20922"}],"version-history":[{"count":11,"href":"https:\/\/www.cavilam.com\/es\/wp-json\/wp\/v2\/pages\/20922\/revisions"}],"predecessor-version":[{"id":22296,"href":"https:\/\/www.cavilam.com\/es\/wp-json\/wp\/v2\/pages\/20922\/revisions\/22296"}],"wp:attachment":[{"href":"https:\/\/www.cavilam.com\/es\/wp-json\/wp\/v2\/media?parent=20922"}],"curies":[{"name":"wp","href":"https:\/\/api.w.org\/{rel}","templated":true}]}}